{"id":4858,"date":"2023-04-01T09:23:13","date_gmt":"2023-04-01T08:23:13","guid":{"rendered":"https:\/\/misprint.pl\/?page_id=4858"},"modified":"2024-06-11T07:11:32","modified_gmt":"2024-06-11T06:11:32","slug":"home-2","status":"publish","type":"page","link":"https:\/\/misprint.pl\/pl\/","title":{"rendered":"Home"},"content":{"rendered":"<div data-elementor-type=\"wp-page\" data-elementor-id=\"4858\" class=\"elementor elementor-4858\" data-elementor-post-type=\"page\">\n\t\t\t\t\t\t\t\t\t<section class=\"elementor-section elementor-top-section elementor-element elementor-element-753c elementor-section-boxed elementor-section-height-default elementor-section-height-default\" data-id=\"753c\" data-element_type=\"section\">\n\t\t\t\t\t\t<div class=\"elementor-container elementor-column-gap-no\">\n\t\t\t\t\t<div class=\"elementor-column elementor-col-100 elementor-top-column elementor-element elementor-element-7b2f\" data-id=\"7b2f\" data-element_type=\"column\">\n\t\t\t<div class=\"elementor-widget-wrap elementor-element-populated\">\n\t\t\t\t\t\t\t\t<div class=\"elementor-element elementor-element-650e elementor-widget elementor-widget-slider_revolution\" data-id=\"650e\" data-element_type=\"widget\" data-widget_type=\"slider_revolution.default\">\n\t\t\t\t<div class=\"elementor-widget-container\">\n\t\t\t\n\t\t<div class=\"wp-block-themepunch-revslider\">\n\t\t\t<!-- START New Slider June23 REVOLUTION SLIDER 6.6.18 --><p class=\"rs-p-wp-fix\"><\/p>\n\t\t\t<rs-module-wrap id=\"rev_slider_9_1_wrapper\" data-source=\"gallery\" style=\"visibility:hidden;background:transparent;padding:0;margin:0px auto;margin-top:0;margin-bottom:0;\">\n\t\t\t\t<rs-module id=\"rev_slider_9_1\" style=\"\" data-version=\"6.6.18\">\n\t\t\t\t\t<rs-slides style=\"overflow: hidden; position: absolute;\">\n\t\t\t\t\t\t<rs-slide style=\"position: absolute;\" data-key=\"rs-33\" data-title=\"Slide\" data-link=\"\/\/misprint.pl\/shop-2\/?product_cat=notebooks_sketchbooks&filter=1\" data-tag=\"l\" data-target=\"_self\" data-seoz=\"front\" data-duration=\"4500ms\" data-in=\"o:0;\" data-out=\"a:false;\">\n\t\t\t\t\t\t\t<img decoding=\"async\" src=\"\/\/misprint.pl\/wp-content\/plugins\/revslider\/public\/assets\/assets\/dummy.png\" alt=\"Slide\" title=\"Home\" class=\"rev-slidebg tp-rs-img rs-lazyload\" data-lazyload=\"\/\/misprint.pl\/wp-content\/plugins\/revslider\/public\/assets\/assets\/transparent.png\" data-no-retina>\n<!--\n\t\t\t\t\t\t\t--><rs-layer\n\t\t\t\t\t\t\t\tid=\"slider-9-slide-33-layer-6\" \n\t\t\t\t\t\t\t\tdata-type=\"image\"\n\t\t\t\t\t\t\t\tdata-rsp_ch=\"on\"\n\t\t\t\t\t\t\t\tdata-xy=\"x:c;y:m;\"\n\t\t\t\t\t\t\t\tdata-text=\"w:normal;s:20,20,20,7;l:0,0,0,9;\"\n\t\t\t\t\t\t\t\tdata-dim=\"w:['100%','100%','100%','100%'];h:['100%','100%','100%','100%'];\"\n\t\t\t\t\t\t\t\tdata-basealign=\"slide\"\n\t\t\t\t\t\t\t\tdata-frame_999=\"o:0;st:w;\"\n\t\t\t\t\t\t\t\tstyle=\"z-index:6;\"\n\t\t\t\t\t\t\t><img decoding=\"async\" src=\"\/\/misprint.pl\/wp-content\/plugins\/revslider\/public\/assets\/assets\/dummy.png\" alt=\"\" class=\"tp-rs-img rs-lazyload\" width=\"1920\" height=\"1280\" data-lazyload=\"\/\/misprint.pl\/wp-content\/uploads\/2023\/06\/1-Misprint_Photoshoot_Web-9.jpg\" data-c=\"cover-proportional\" data-no-retina> \n\t\t\t\t\t\t\t<\/rs-layer><!--\n\n\t\t\t\t\t\t\t--><rs-layer\n\t\t\t\t\t\t\t\tid=\"slider-9-slide-33-layer-9\" \n\t\t\t\t\t\t\t\tdata-type=\"text\"\n\t\t\t\t\t\t\t\tdata-tsh=\"c:rgba(0,0,0,0.75);h:7px,7px,7px,1px;v:7px,7px,7px,1px;b:10px,10px,10px,3px;\"\n\t\t\t\t\t\t\t\tdata-rsp_ch=\"on\"\n\t\t\t\t\t\t\t\tdata-xy=\"x:c;y:b;yo:550px,550px,550px,450px;\"\n\t\t\t\t\t\t\t\tdata-text=\"w:normal;s:65;l:90,90,90,90;a:center;\"\n\t\t\t\t\t\t\t\tdata-dim=\"w:#2\/3#,#2\/3#,#2\/3#,auto;minh:0px,0px,0px,none;\"\n\t\t\t\t\t\t\t\tdata-frame_1=\"e:sine.inOut;st:1000;sp:500;sR:1030;\"\n\t\t\t\t\t\t\t\tdata-frame_999=\"o:0;st:w;sR:7470;\"\n\t\t\t\t\t\t\t\tstyle=\"z-index:7;font-family:'Montserrat';\"\n\t\t\t\t\t\t\t>Notesy<br>Szkicowniki \n\t\t\t\t\t\t\t<\/rs-layer><!--\n-->\t\t\t\t\t\t<\/rs-slide>\n\t\t\t\t\t\t<rs-slide style=\"position: absolute;\" data-key=\"rs-30\" data-title=\"Slide\" data-thumb=\"\/\/misprint.pl\/wp-content\/uploads\/2023\/01\/papermaking-v2_web-2048x1468.jpg\" data-link=\"\/\/misprint.pl\/shop-2\/?product_cat=handmade_paper&filter=1\" data-tag=\"l\" data-target=\"_self\" data-seoz=\"front\" data-duration=\"4500ms\" data-in=\"o:0;\">\n\t\t\t\t\t\t\t<img decoding=\"async\" src=\"\/\/misprint.pl\/wp-content\/plugins\/revslider\/public\/assets\/assets\/dummy.png\" alt=\"Slide\" title=\"papermaking-v2_web\" width=\"2048\" height=\"1468\" class=\"rev-slidebg tp-rs-img rs-lazyload\" data-lazyload=\"\/\/misprint.pl\/wp-content\/plugins\/revslider\/public\/assets\/assets\/transparent.png\" data-no-retina>\n<!--\n\t\t\t\t\t\t\t--><rs-layer\n\t\t\t\t\t\t\t\tid=\"slider-9-slide-30-layer-1\" \n\t\t\t\t\t\t\t\tdata-type=\"image\"\n\t\t\t\t\t\t\t\tdata-rsp_ch=\"on\"\n\t\t\t\t\t\t\t\tdata-xy=\"xo:0,0,0,-296px;yo:0,0,0,-6px;\"\n\t\t\t\t\t\t\t\tdata-text=\"w:normal;s:20,20,20,7;l:0,0,0,9;\"\n\t\t\t\t\t\t\t\tdata-dim=\"w:['100%','100%','100%','100%'];h:['100%','100%','100%','100%'];\"\n\t\t\t\t\t\t\t\tdata-basealign=\"slide\"\n\t\t\t\t\t\t\t\tdata-frame_999=\"o:0;st:w;\"\n\t\t\t\t\t\t\t\tstyle=\"z-index:6;\"\n\t\t\t\t\t\t\t><img decoding=\"async\" src=\"\/\/misprint.pl\/wp-content\/plugins\/revslider\/public\/assets\/assets\/dummy.png\" alt=\"\" class=\"tp-rs-img rs-lazyload\" width=\"2560\" height=\"1835\" data-lazyload=\"\/\/misprint.pl\/wp-content\/uploads\/2023\/01\/papermaking-v2_web-scaled.jpg\" data-c=\"cover-proportional\" data-no-retina> \n\t\t\t\t\t\t\t<\/rs-layer><!--\n\n\t\t\t\t\t\t\t--><rs-layer\n\t\t\t\t\t\t\t\tid=\"slider-9-slide-30-layer-8\" \n\t\t\t\t\t\t\t\tdata-type=\"text\"\n\t\t\t\t\t\t\t\tdata-color=\"#fff\"\n\t\t\t\t\t\t\t\tdata-tsh=\"c:rgba(0,0,0,0.75);h:7px,7px,7px,1px;v:7px,7px,7px,1px;b:10px,10px,10px,3px;\"\n\t\t\t\t\t\t\t\tdata-rsp_ch=\"on\"\n\t\t\t\t\t\t\t\tdata-xy=\"x:c;y:b;yo:550px,550px,550px,400px;\"\n\t\t\t\t\t\t\t\tdata-text=\"w:normal;s:65;l:90,90,90,90;a:left,left,left,center;\"\n\t\t\t\t\t\t\t\tdata-dim=\"w:auto,auto,auto,#2\/3#;minh:0px,0px,0px,none;\"\n\t\t\t\t\t\t\t\tdata-frame_1=\"e:sine.inOut;st:1000;sp:500;sR:1030;\"\n\t\t\t\t\t\t\t\tdata-frame_999=\"o:0;st:w;sR:7470;\"\n\t\t\t\t\t\t\t\tstyle=\"z-index:7;font-family:'Montserrat';\"\n\t\t\t\t\t\t\t>Papier ro\u015blinny \n\t\t\t\t\t\t\t<\/rs-layer><!--\n-->\t\t\t\t\t\t<\/rs-slide>\n\t\t\t\t\t\t<rs-slide style=\"position: absolute;\" data-key=\"rs-31\" data-title=\"Slide\" data-thumb=\"\/\/misprint.pl\/wp-content\/uploads\/2023\/02\/slider_workshops_alt2-1536x1101.jpg\" data-link=\"\/\/misprint.pl\/workshops\/\" data-tag=\"l\" data-target=\"_self\" data-seoz=\"front\" data-duration=\"4000ms\" data-in=\"o:0;\">\n\t\t\t\t\t\t\t<img decoding=\"async\" src=\"\/\/misprint.pl\/wp-content\/plugins\/revslider\/public\/assets\/assets\/dummy.png\" alt=\"Slide\" title=\"slider_workshops_alt2\" width=\"1536\" height=\"1101\" class=\"rev-slidebg tp-rs-img rs-lazyload\" data-lazyload=\"\/\/misprint.pl\/wp-content\/plugins\/revslider\/public\/assets\/assets\/transparent.png\" data-bg=\"p:center bottom;\" data-no-retina>\n<!--\n\t\t\t\t\t\t\t--><rs-layer\n\t\t\t\t\t\t\t\tid=\"slider-9-slide-31-layer-4\" \n\t\t\t\t\t\t\t\tdata-type=\"image\"\n\t\t\t\t\t\t\t\tdata-rsp_ch=\"on\"\n\t\t\t\t\t\t\t\tdata-xy=\"xo:0,0,0,-500px;yo:0,0,0,-12px;\"\n\t\t\t\t\t\t\t\tdata-text=\"w:normal;s:20,20,20,7;l:0,0,0,9;\"\n\t\t\t\t\t\t\t\tdata-dim=\"w:['100%','100%','100%','100%'];h:['100%','100%','100%','100%'];\"\n\t\t\t\t\t\t\t\tdata-basealign=\"slide\"\n\t\t\t\t\t\t\t\tdata-frame_999=\"o:0;st:w;\"\n\t\t\t\t\t\t\t\tstyle=\"z-index:6;\"\n\t\t\t\t\t\t\t><img decoding=\"async\" src=\"\/\/misprint.pl\/wp-content\/plugins\/revslider\/public\/assets\/assets\/dummy.png\" alt=\"\" class=\"tp-rs-img rs-lazyload\" width=\"2560\" height=\"1835\" data-lazyload=\"\/\/misprint.pl\/wp-content\/uploads\/2023\/02\/slider_workshops.jpg\" data-c=\"cover-proportional\" data-no-retina> \n\t\t\t\t\t\t\t<\/rs-layer><!--\n\n\t\t\t\t\t\t\t--><rs-layer\n\t\t\t\t\t\t\t\tid=\"slider-9-slide-31-layer-8\" \n\t\t\t\t\t\t\t\tdata-type=\"text\"\n\t\t\t\t\t\t\t\tdata-tsh=\"c:rgba(0,0,0,0.75);h:7px,7px,7px,1px;v:7px,7px,7px,1px;b:10px,10px,10px,3px;\"\n\t\t\t\t\t\t\t\tdata-rsp_ch=\"on\"\n\t\t\t\t\t\t\t\tdata-xy=\"x:c;y:b;yo:550px,550px,550px,450px;\"\n\t\t\t\t\t\t\t\tdata-text=\"w:normal;s:65;l:34,34,34,12;a:right;\"\n\t\t\t\t\t\t\t\tdata-dim=\"minh:0px,0px,0px,none;\"\n\t\t\t\t\t\t\t\tdata-frame_1=\"e:sine.inOut;st:1000;sp:500;sR:1030;\"\n\t\t\t\t\t\t\t\tdata-frame_999=\"o:0;st:w;sR:7470;\"\n\t\t\t\t\t\t\t\tstyle=\"z-index:7;font-family:'Montserrat';\"\n\t\t\t\t\t\t\t>Warsztaty \n\t\t\t\t\t\t\t<\/rs-layer><!--\n-->\t\t\t\t\t\t<\/rs-slide>\n\t\t\t\t\t<\/rs-slides>\n\t\t\t\t<\/rs-module>\n\t\t\t\t<script>\n\t\t\t\t\tsetREVStartSize({c: 'rev_slider_9_1',rl:[1240,1240,1240,480],el:[900,900,900,720],gw:[1240,1240,1240,480],gh:[900,900,900,720],type:'standard',justify:'',layout:'fullwidth',mh:\"0\"});if (window.RS_MODULES!==undefined && window.RS_MODULES.modules!==undefined && window.RS_MODULES.modules[\"revslider91\"]!==undefined) {window.RS_MODULES.modules[\"revslider91\"].once = false;window.revapi9 = undefined;if (window.RS_MODULES.checkMinimal!==undefined) window.RS_MODULES.checkMinimal()}\n\t\t\t\t<\/script>\n\t\t\t<\/rs-module-wrap>\n\t\t\t<!-- END REVOLUTION SLIDER -->\n<\/div>\n\n\t\t\t\t<\/div>\n\t\t\t\t<\/div>\n\t\t\t\t\t<\/div>\n\t\t<\/div>\n\t\t\t\t\t\t\t<\/div>\n\t\t<\/section>\n\t\t\t\t<section class=\"elementor-section elementor-top-section elementor-element elementor-element-b6dbe21 elementor-section-full_width elementor-section-content-bottom elementor-section-height-default elementor-section-height-default\" data-id=\"b6dbe21\" data-element_type=\"section\">\n\t\t\t\t\t\t<div class=\"elementor-container elementor-column-gap-no\">\n\t\t\t\t\t<div class=\"elementor-column elementor-col-66 elementor-top-column elementor-element elementor-element-66ca788\" data-id=\"66ca788\" data-element_type=\"column\">\n\t\t\t<div class=\"elementor-widget-wrap elementor-element-populated\">\n\t\t\t\t\t\t\t\t<div class=\"elementor-element elementor-element-d9ff0a4 elementor-widget elementor-widget-heading\" data-id=\"d9ff0a4\" data-element_type=\"widget\" data-widget_type=\"heading.default\">\n\t\t\t\t<div class=\"elementor-widget-container\">\n\t\t\t<style>\/*! elementor - v3.17.0 - 08-11-2023 *\/\n.elementor-heading-title{padding:0;margin:0;line-height:1}.elementor-widget-heading .elementor-heading-title[class*=elementor-size-]>a{color:inherit;font-size:inherit;line-height:inherit}.elementor-widget-heading .elementor-heading-title.elementor-size-small{font-size:15px}.elementor-widget-heading .elementor-heading-title.elementor-size-medium{font-size:19px}.elementor-widget-heading .elementor-heading-title.elementor-size-large{font-size:29px}.elementor-widget-heading .elementor-heading-title.elementor-size-xl{font-size:39px}.elementor-widget-heading .elementor-heading-title.elementor-size-xxl{font-size:59px}<\/style><h2 class=\"elementor-heading-title elementor-size-default\"><a href=\"#\" rel=\"nofollow\">Nasze produkty <\/a><\/h2>\t\t<\/div>\n\t\t\t\t<\/div>\n\t\t\t\t\t<\/div>\n\t\t<\/div>\n\t\t\t\t<div class=\"elementor-column elementor-col-33 elementor-top-column elementor-element elementor-element-ec9ec34 elementor-hidden-phone\" data-id=\"ec9ec34\" data-element_type=\"column\">\n\t\t\t<div class=\"elementor-widget-wrap elementor-element-populated\">\n\t\t\t\t\t\t\t\t<div class=\"elementor-element elementor-element-6d8abb5 elementor-widget elementor-widget-konte-heading\" data-id=\"6d8abb5\" data-element_type=\"widget\" data-widget_type=\"konte-heading.default\">\n\t\t\t\t<div class=\"elementor-widget-container\">\n\t\t\t<span class=\"konte-heading-title konte-heading-title--xsmall\"><a href=\"https:\/\/misprint.pl\/pl\/?post_type=product\">ZOBACZ WSZYSTKIE PRODUKTY<\/a><\/span>\t\t<\/div>\n\t\t\t\t<\/div>\n\t\t\t\t\t<\/div>\n\t\t<\/div>\n\t\t\t\t\t\t\t<\/div>\n\t\t<\/section>\n\t\t\t\t<section class=\"elementor-section elementor-top-section elementor-element elementor-element-735 elementor-section-stretched elementor-section-boxed elementor-section-height-default elementor-section-height-default\" data-id=\"735\" data-element_type=\"section\" data-settings=\"{&quot;stretch_section&quot;:&quot;section-stretched&quot;}\">\n\t\t\t\t\t\t<div class=\"elementor-container elementor-column-gap-no\">\n\t\t\t\t\t<div class=\"elementor-column elementor-col-100 elementor-top-column elementor-element elementor-element-256c\" data-id=\"256c\" data-element_type=\"column\">\n\t\t\t<div class=\"elementor-widget-wrap elementor-element-populated\">\n\t\t\t\t\t\t\t\t<div class=\"elementor-element elementor-element-e1f elementor-widget elementor-widget-konte-products-carousel\" data-id=\"e1f\" data-element_type=\"widget\" id=\"home-products\" data-settings=\"{&quot;arrow_type&quot;:&quot;arrow&quot;,&quot;slides_to_show_mobile&quot;:&quot;2&quot;,&quot;slides_to_scroll_mobile&quot;:&quot;1&quot;,&quot;slides_to_show&quot;:4,&quot;slides_to_scroll&quot;:1,&quot;navigation&quot;:&quot;arrows&quot;,&quot;autoplay&quot;:&quot;yes&quot;,&quot;autoplay_speed&quot;:3000,&quot;pause_on_hover&quot;:&quot;yes&quot;,&quot;speed&quot;:800}\" data-widget_type=\"konte-products-carousel.default\">\n\t\t\t\t<div class=\"elementor-widget-container\">\n\t\t\t\t\t<div class=\"konte-products konte-product-carousel konte-product-carousel--elementor konte-carousel--elementor konte-carousel--swiper konte-carousel--nav-arrows swiper-container woocommerce\">\n\t\t\t\n\t\t\t\t\t<\/div>\n\t\t\t\t\t<div class=\"konte-carousel__arrow konte-carousel-navigation--arrow konte-carousel-navigation--prev\">\n\t\t\t\t<span class=\"svg-icon icon-arrow-left\"><svg><use xlink:href=\"#arrow-left\"><\/use><\/svg><\/span>\n\t\t\t<\/div>\n\t\t\t<div class=\"konte-carousel__arrow konte-carousel-navigation--arrow konte-carousel-navigation--next\">\n\t\t\t\t<span class=\"svg-icon icon-arrow-left\"><svg><use xlink:href=\"#arrow-left\"><\/use><\/svg><\/span>\n\t\t\t<\/div>\n\t\t\t\t<\/div>\n\t\t\t\t<\/div>\n\t\t\t\t\t<\/div>\n\t\t<\/div>\n\t\t\t\t\t\t\t<\/div>\n\t\t<\/section>\n\t\t\t\t<section class=\"elementor-section elementor-top-section elementor-element elementor-element-3696 elementor-section-stretched elementor-section-boxed elementor-section-height-default elementor-section-height-default\" data-id=\"3696\" data-element_type=\"section\" data-settings=\"{&quot;stretch_section&quot;:&quot;section-stretched&quot;}\">\n\t\t\t\t\t\t<div class=\"elementor-container elementor-column-gap-custom\">\n\t\t\t\t\t<div class=\"elementor-column elementor-col-50 elementor-top-column elementor-element elementor-element-6d3b\" data-id=\"6d3b\" data-element_type=\"column\">\n\t\t\t<div class=\"elementor-widget-wrap elementor-element-populated\">\n\t\t\t\t\t\t\t\t<div class=\"elementor-element elementor-element-67ca e-transform elementor-widget elementor-widget-konte-banner\" data-id=\"67ca\" data-element_type=\"widget\" data-settings=\"{&quot;_transform_translateX_effect&quot;:{&quot;unit&quot;:&quot;px&quot;,&quot;size&quot;:&quot;0&quot;,&quot;sizes&quot;:[]},&quot;_transform_translateX_effect_tablet&quot;:{&quot;unit&quot;:&quot;px&quot;,&quot;size&quot;:&quot;&quot;,&quot;sizes&quot;:[]},&quot;_transform_translateX_effect_mobile&quot;:{&quot;unit&quot;:&quot;px&quot;,&quot;size&quot;:&quot;&quot;,&quot;sizes&quot;:[]},&quot;_transform_translateY_effect&quot;:{&quot;unit&quot;:&quot;px&quot;,&quot;size&quot;:&quot;&quot;,&quot;sizes&quot;:[]},&quot;_transform_translateY_effect_tablet&quot;:{&quot;unit&quot;:&quot;px&quot;,&quot;size&quot;:&quot;&quot;,&quot;sizes&quot;:[]},&quot;_transform_translateY_effect_mobile&quot;:{&quot;unit&quot;:&quot;px&quot;,&quot;size&quot;:&quot;&quot;,&quot;sizes&quot;:[]}}\" data-widget_type=\"konte-banner.default\">\n\t\t\t\t<div class=\"elementor-widget-container\">\n\t\t\t\t\t<div class=\"konte-banner konte-banner--elementor konte-banner--hover-zoomin konte-banner--content-top-left konte-banner--button-visible-always\">\n\t\t\t\t\t\t\t<a href=\"https:\/\/misprint.pl\/pl\/shop-2\/?product_cat=notebooks_sketchbooks&#038;filter=1\">\n\t\t\t\t\t\t<span class=\"konte-banner__image-wrapper\"><img loading=\"lazy\" decoding=\"async\" width=\"750\" height=\"420\" src=\"https:\/\/misprint.pl\/wp-content\/uploads\/2023\/01\/misprint_sesja-40-1-750x420.jpg\" class=\"attachment-konte-post-thumbnail-large size-konte-post-thumbnail-large wp-image-3827\" alt=\"\" srcset=\"https:\/\/misprint.pl\/wp-content\/uploads\/2023\/01\/misprint_sesja-40-1-750x420.jpg 750w, https:\/\/misprint.pl\/wp-content\/uploads\/2023\/01\/elementor\/thumbs\/misprint_sesja-40-1-q0zfdgfotmpuvb4mla0euwu2tza0gpg9m80n40a8vc.jpg 5w\" sizes=\"auto, (max-width: 750px) 100vw, 750px\" \/><\/span>\n\t\t\t<div class=\"konte-banner__content konte-banner-content--top-left\">\n\t\t\t\t\t\t\t\t\t\t\t\t\t<h3 class=\"konte-banner__title konte-banner__text translation-block\"><span class=\"\u201dtranslation-block\u201d\" data-context=\"\u201dHandmade\u201d\">R\u0119cznie szyte<\/span><br> szkicowniki<br> i notesy<\/h3>\n\t\t\t\t\t\t\t\t\t\t\t\t\t\t\t\t\t<span class=\"konte-banner__button konte-button button-underline large underline-small underline-left\" role=\"button\">Przegl\u0105daj<\/span>\n\t\t\t\t\t\t\t<\/div>\n\t\t\t\t\t\t\t<\/a>\n\t\t\t\t\t<\/div>\n\t\t\t\t<\/div>\n\t\t\t\t<\/div>\n\t\t\t\t\t<\/div>\n\t\t<\/div>\n\t\t\t\t<div class=\"elementor-column elementor-col-50 elementor-top-column elementor-element elementor-element-61b1\" data-id=\"61b1\" data-element_type=\"column\">\n\t\t\t<div class=\"elementor-widget-wrap elementor-element-populated\">\n\t\t\t\t\t\t\t\t<div class=\"elementor-element elementor-element-2c58 elementor-widget elementor-widget-konte-banner\" data-id=\"2c58\" data-element_type=\"widget\" data-widget_type=\"konte-banner.default\">\n\t\t\t\t<div class=\"elementor-widget-container\">\n\t\t\t\t\t<div class=\"konte-banner konte-banner--elementor konte-banner--hover-zoomin konte-banner--content-top-left konte-banner--button-visible-always\">\n\t\t\t\t\t\t\t<a href=\"https:\/\/misprint.pl\/pl\/shop-2\/?product_cat=handmade_paper&#038;filter=1\">\n\t\t\t\t\t\t<span class=\"konte-banner__image-wrapper\"><img loading=\"lazy\" decoding=\"async\" width=\"750\" height=\"420\" src=\"https:\/\/misprint.pl\/wp-content\/uploads\/2023\/01\/misprint_sesja-43-750x420.jpg\" class=\"attachment-konte-post-thumbnail-large size-konte-post-thumbnail-large wp-image-3821\" alt=\"\" \/><\/span>\n\t\t\t<div class=\"konte-banner__content konte-banner-content--top-left\">\n\t\t\t\t\t\t\t\t\t\t\t\t\t<h3 class=\"konte-banner__title konte-banner__text translation-block\"><span class=\"\u201dtranslation-block\u201d\" data-context=\"\u201dHandmade botanical paper\u201d\">R\u0119cznie czerpany<\/span><br> papier<br>ro\u015blinny<\/h3>\n\t\t\t\t\t\t\t\t\t\t\t\t\t\t\t\t\t<span class=\"konte-banner__button konte-button button-underline large underline-small underline-left\" role=\"button\">Zobacz wi\u0119cej<\/span>\n\t\t\t\t\t\t\t<\/div>\n\t\t\t\t\t\t\t<\/a>\n\t\t\t\t\t<\/div>\n\t\t\t\t<\/div>\n\t\t\t\t<\/div>\n\t\t\t\t\t<\/div>\n\t\t<\/div>\n\t\t\t\t\t\t\t<\/div>\n\t\t<\/section>\n\t\t\t\t<section class=\"elementor-section elementor-top-section elementor-element elementor-element-48b3 elementor-section-full_width elementor-section-content-bottom elementor-section-height-default elementor-section-height-default\" data-id=\"48b3\" data-element_type=\"section\">\n\t\t\t\t\t\t<div class=\"elementor-container elementor-column-gap-no\">\n\t\t\t\t\t<div class=\"elementor-column elementor-col-66 elementor-top-column elementor-element elementor-element-3604\" data-id=\"3604\" data-element_type=\"column\">\n\t\t\t<div class=\"elementor-widget-wrap elementor-element-populated\">\n\t\t\t\t\t\t\t\t<div class=\"elementor-element elementor-element-2217 elementor-widget elementor-widget-konte-heading\" data-id=\"2217\" data-element_type=\"widget\" data-widget_type=\"konte-heading.default\">\n\t\t\t\t<div class=\"elementor-widget-container\">\n\t\t\t<h2 class=\"konte-heading-title konte-heading-title--medium\">Chc\u0119 dowiedzie\u0107 si\u0119 wi\u0119cej<\/h2>\t\t<\/div>\n\t\t\t\t<\/div>\n\t\t\t\t\t<\/div>\n\t\t<\/div>\n\t\t\t\t<div class=\"elementor-column elementor-col-33 elementor-top-column elementor-element elementor-element-2622 elementor-hidden-phone\" data-id=\"2622\" data-element_type=\"column\">\n\t\t\t<div class=\"elementor-widget-wrap elementor-element-populated\">\n\t\t\t\t\t\t\t\t<div class=\"elementor-element elementor-element-67ed elementor-widget elementor-widget-konte-heading\" data-id=\"67ed\" data-element_type=\"widget\" data-widget_type=\"konte-heading.default\">\n\t\t\t\t<div class=\"elementor-widget-container\">\n\t\t\t<span class=\"konte-heading-title konte-heading-title--xsmall\"><a href=\"\/pl\/blog\/\">NASZ BLOG<\/a><\/span>\t\t<\/div>\n\t\t\t\t<\/div>\n\t\t\t\t\t<\/div>\n\t\t<\/div>\n\t\t\t\t\t\t\t<\/div>\n\t\t<\/section>\n\t\t\t\t<section class=\"elementor-section elementor-top-section elementor-element elementor-element-26e elementor-section-full_width elementor-section-height-default elementor-section-height-default\" data-id=\"26e\" data-element_type=\"section\">\n\t\t\t\t\t\t<div class=\"elementor-container elementor-column-gap-no\">\n\t\t\t\t\t<div class=\"elementor-column elementor-col-100 elementor-top-column elementor-element elementor-element-15e9\" data-id=\"15e9\" data-element_type=\"column\">\n\t\t\t<div class=\"elementor-widget-wrap elementor-element-populated\">\n\t\t\t\t\t\t\t\t<div class=\"elementor-element elementor-element-8773bf5 elementor-widget elementor-widget-konte-posts-grid\" data-id=\"8773bf5\" data-element_type=\"widget\" data-widget_type=\"konte-posts-grid.default\">\n\t\t\t\t<div class=\"elementor-widget-container\">\n\t\t\t<div class=\"konte-post-grid post-grid clearfix columns-3 columns-gap-40  konte-post-grid--elementor\"><div class=\"post-3551 post type-post status-publish format-standard has-post-thumbnail hentry category-bookbinding-en category-our-studio tag-gold-foil tag-personalization tag-typeface\">\n\t\t\t\t\t<a href=\"https:\/\/misprint.pl\/pl\/our-printing-type\/\" class=\"post-thumbnail\"><img loading=\"lazy\" decoding=\"async\" width=\"450\" height=\"300\" src=\"https:\/\/misprint.pl\/wp-content\/uploads\/2023\/01\/Blog_Printing-type2-450x300.jpg\" class=\"attachment-konte-post-thumbnail-shortcode size-konte-post-thumbnail-shortcode wp-post-image\" alt=\"\" srcset=\"https:\/\/misprint.pl\/wp-content\/uploads\/2023\/01\/Blog_Printing-type2-450x300.jpg 450w, https:\/\/misprint.pl\/wp-content\/uploads\/2023\/01\/Blog_Printing-type2-100x68.jpg 100w\" sizes=\"auto, (max-width: 450px) 100vw, 450px\" \/><\/a>\n\t\t\t\t\t<div class=\"konte-post-grid__summary\">\n\t\t\t\t\t\t<h5 class=\"post-title\"><a href=\"https:\/\/misprint.pl\/pl\/our-printing-type\/\" rel=\"bookmark\">NASZE CZCIONKI<\/a><\/h5>\n\t\t\t\t\t\t<div class=\"post-summary\">Brass and lead movable type come in use when we want to personalize the covers of our notebooks and photo albums. To personalize our creations to your specific needs, we&hellip;<\/div>\n\t\t\t\t\t\t<a class=\"button alt\" href=\"https:\/\/misprint.pl\/pl\/our-printing-type\/\">Continue reading<\/a>\n\t\t\t\t\t<\/div>\n\t\t\t\t<\/div><\/div>\t\t<\/div>\n\t\t\t\t<\/div>\n\t\t\t\t\t<\/div>\n\t\t<\/div>\n\t\t\t\t\t\t\t<\/div>\n\t\t<\/section>\n\t\t\t\t\t\t\t<\/div>","protected":false},"excerpt":{"rendered":"<p>Our Products SEE ALL PRODUCTS New Studio \u2116 410 &#8211; Limited edition &#122;&#322;95.00 Select options Add to wishlist Adding to wishlist Added to wishlist New Studio \u2116 409 &#8211; Limited&hellip;<\/p>","protected":false},"author":3,"featured_media":0,"parent":0,"menu_order":0,"comment_status":"closed","ping_status":"closed","template":"templates\/large-container.php","meta":{"footnotes":""},"class_list":["post-4858","page","type-page","status-publish","hentry"],"_links":{"self":[{"href":"https:\/\/misprint.pl\/pl\/wp-json\/wp\/v2\/pages\/4858","targetHints":{"allow":["GET"]}}],"collection":[{"href":"https:\/\/misprint.pl\/pl\/wp-json\/wp\/v2\/pages"}],"about":[{"href":"https:\/\/misprint.pl\/pl\/wp-json\/wp\/v2\/types\/page"}],"author":[{"embeddable":true,"href":"https:\/\/misprint.pl\/pl\/wp-json\/wp\/v2\/users\/3"}],"replies":[{"embeddable":true,"href":"https:\/\/misprint.pl\/pl\/wp-json\/wp\/v2\/comments?post=4858"}],"version-history":[{"count":64,"href":"https:\/\/misprint.pl\/pl\/wp-json\/wp\/v2\/pages\/4858\/revisions"}],"predecessor-version":[{"id":6754,"href":"https:\/\/misprint.pl\/pl\/wp-json\/wp\/v2\/pages\/4858\/revisions\/6754"}],"wp:attachment":[{"href":"https:\/\/misprint.pl\/pl\/wp-json\/wp\/v2\/media?parent=4858"}],"curies":[{"name":"wp","href":"https:\/\/api.w.org\/{rel}","templated":true}]}}