{"id":4607,"date":"2023-03-16T16:31:22","date_gmt":"2023-03-16T15:31:22","guid":{"rendered":"https:\/\/misprint.pl\/?page_id=4607"},"modified":"2023-06-29T10:24:21","modified_gmt":"2023-06-29T09:24:21","slug":"payment-shipping","status":"publish","type":"page","link":"https:\/\/misprint.pl\/pl\/payment-shipping\/","title":{"rendered":"P\u0142atno\u015b\u0107 i wysy\u0142ka"},"content":{"rendered":"<div data-elementor-type=\"wp-page\" data-elementor-id=\"4607\" class=\"elementor elementor-4607\" data-elementor-post-type=\"page\">\n\t\t\t\t\t\t\t\t\t<section class=\"elementor-section elementor-top-section elementor-element elementor-element-b1f37a3 elementor-section-boxed elementor-section-height-default elementor-section-height-default\" data-id=\"b1f37a3\" data-element_type=\"section\">\n\t\t\t\t\t\t<div class=\"elementor-container elementor-column-gap-default\">\n\t\t\t\t\t<div class=\"elementor-column elementor-col-100 elementor-top-column elementor-element elementor-element-be055b2\" data-id=\"be055b2\" data-element_type=\"column\">\n\t\t\t<div class=\"elementor-widget-wrap\">\n\t\t\t\t\t\t\t\t\t<\/div>\n\t\t<\/div>\n\t\t\t\t\t\t\t<\/div>\n\t\t<\/section>\n\t\t\t\t<section class=\"elementor-section elementor-top-section elementor-element elementor-element-cc94040 elementor-section-boxed elementor-section-height-default elementor-section-height-default\" data-id=\"cc94040\" data-element_type=\"section\">\n\t\t\t\t\t\t<div class=\"elementor-container elementor-column-gap-default\">\n\t\t\t\t\t<div class=\"elementor-column elementor-col-100 elementor-top-column elementor-element elementor-element-ede3345\" data-id=\"ede3345\" data-element_type=\"column\">\n\t\t\t<div class=\"elementor-widget-wrap elementor-element-populated\">\n\t\t\t\t\t\t\t\t<div class=\"elementor-element elementor-element-ca4db56 elementor-widget elementor-widget-toggle\" data-id=\"ca4db56\" data-element_type=\"widget\" data-widget_type=\"toggle.default\">\n\t\t\t\t<div class=\"elementor-widget-container\">\n\t\t\t<style>\/*! elementor - v3.17.0 - 08-11-2023 *\/\n.elementor-toggle{text-align:left}.elementor-toggle .elementor-tab-title{font-weight:700;line-height:1;margin:0;padding:15px;border-bottom:1px solid #d5d8dc;cursor:pointer;outline:none}.elementor-toggle .elementor-tab-title .elementor-toggle-icon{display:inline-block;width:1em}.elementor-toggle .elementor-tab-title .elementor-toggle-icon svg{margin-inline-start:-5px;width:1em;height:1em}.elementor-toggle .elementor-tab-title .elementor-toggle-icon.elementor-toggle-icon-right{float:right;text-align:right}.elementor-toggle .elementor-tab-title .elementor-toggle-icon.elementor-toggle-icon-left{float:left;text-align:left}.elementor-toggle .elementor-tab-title .elementor-toggle-icon .elementor-toggle-icon-closed{display:block}.elementor-toggle .elementor-tab-title .elementor-toggle-icon .elementor-toggle-icon-opened{display:none}.elementor-toggle .elementor-tab-title.elementor-active{border-bottom:none}.elementor-toggle .elementor-tab-title.elementor-active .elementor-toggle-icon-closed{display:none}.elementor-toggle .elementor-tab-title.elementor-active .elementor-toggle-icon-opened{display:block}.elementor-toggle .elementor-tab-content{padding:15px;border-bottom:1px solid #d5d8dc;display:none}@media (max-width:767px){.elementor-toggle .elementor-tab-title{padding:12px}.elementor-toggle .elementor-tab-content{padding:12px 10px}}.e-con-inner>.elementor-widget-toggle,.e-con>.elementor-widget-toggle{width:var(--container-widget-width);--flex-grow:var(--container-widget-flex-grow)}<\/style>\t\t<div class=\"elementor-toggle\">\n\t\t\t\t\t\t\t<div class=\"elementor-toggle-item\">\n\t\t\t\t\t<div id=\"elementor-tab-title-2121\" class=\"elementor-tab-title\" data-tab=\"1\" role=\"button\" aria-controls=\"elementor-tab-content-2121\" aria-expanded=\"false\">\n\t\t\t\t\t\t\t\t\t\t\t\t<span class=\"elementor-toggle-icon elementor-toggle-icon-left\" aria-hidden=\"true\">\n\t\t\t\t\t\t\t\t\t\t\t\t\t\t\t<span class=\"elementor-toggle-icon-closed\"><i class=\"fas fa-caret-right\"><\/i><\/span>\n\t\t\t\t\t\t\t\t<span class=\"elementor-toggle-icon-opened\"><i class=\"elementor-toggle-icon-opened fas fa-caret-up\"><\/i><\/span>\n\t\t\t\t\t\t\t\t\t\t\t\t\t<\/span>\n\t\t\t\t\t\t\t\t\t\t\t\t<a class=\"elementor-toggle-title\" tabindex=\"0\">Produkty na zam\u00f3wienie<\/a>\n\t\t\t\t\t<\/div>\n\n\t\t\t\t\t<div id=\"elementor-tab-content-2121\" class=\"elementor-tab-content elementor-clearfix\" data-tab=\"1\" role=\"region\" aria-labelledby=\"elementor-tab-title-2121\"><p>W Misprint cz\u0119sto tworzymy produkty na \u017cyczenie klienta. Takie podej\u015bcie pozwala nam utrzyma\u0107 najwy\u017csz\u0105 jako\u015b\u0107 i dostarcza\u0107 produkty idealnie dopasowane do Twoich potrzeb.<\/p><p>Gdy produkt jest oznaczony jako \"na zam\u00f3wienie\" nie jest dost\u0119pny do natychmiastowej wysy\u0142ki. Rozpoczniemy jego produkcj\u0119, gdy tylko otrzymamy Twoje zam\u00f3wienie.<\/p><p>Czas produkcji produkt\u00f3w na zam\u00f3wienie wynosi zazwyczaj od 5 do 10 dni roboczych, w zale\u017cno\u015bci od naszego aktualnego obci\u0105\u017cenia prac\u0105. B\u0119dziemy na bie\u017c\u0105co Ci\u0119 informowa\u0107 o post\u0119pach w realizacji Twojego zam\u00f3wienia.<\/p><p>Je\u017celi masz jakiekolwiek pytania lub w\u0105tpliwo\u015bci zwi\u0105zane z zam\u00f3wionym produktem lub jego szacowanym czasem dostawy, prosimy o kontakt z nami przez: <a href=\"mailto:info@misprint.pl\">info@misprint.pl<\/a>.<\/p><\/div>\n\t\t\t\t<\/div>\n\t\t\t\t\t\t\t<div class=\"elementor-toggle-item\">\n\t\t\t\t\t<div id=\"elementor-tab-title-2122\" class=\"elementor-tab-title\" data-tab=\"2\" role=\"button\" aria-controls=\"elementor-tab-content-2122\" aria-expanded=\"false\">\n\t\t\t\t\t\t\t\t\t\t\t\t<span class=\"elementor-toggle-icon elementor-toggle-icon-left\" aria-hidden=\"true\">\n\t\t\t\t\t\t\t\t\t\t\t\t\t\t\t<span class=\"elementor-toggle-icon-closed\"><i class=\"fas fa-caret-right\"><\/i><\/span>\n\t\t\t\t\t\t\t\t<span class=\"elementor-toggle-icon-opened\"><i class=\"elementor-toggle-icon-opened fas fa-caret-up\"><\/i><\/span>\n\t\t\t\t\t\t\t\t\t\t\t\t\t<\/span>\n\t\t\t\t\t\t\t\t\t\t\t\t<a class=\"elementor-toggle-title\" tabindex=\"0\">P\u0142atno\u015bci<\/a>\n\t\t\t\t\t<\/div>\n\n\t\t\t\t\t<div id=\"elementor-tab-content-2122\" class=\"elementor-tab-content elementor-clearfix\" data-tab=\"2\" role=\"region\" aria-labelledby=\"elementor-tab-title-2122\"><p>Na naszej stronie mo\u017cesz zap\u0142aci\u0107 za pomoc\u0105 nast\u0119puj\u0105cych metod:<\/p>\n<p><\/p>\n<ul>\n<li>Przelewy24<\/li><li>BLIK<br><\/li>\n<li>Paypal<\/li><li>Karty debetowe i kredytowe<br><\/li>\n<li>Tradycyjny przelew bankowy<\/li>\n<\/ul>\n<p>Z przyjemno\u015bci\u0105 pomo\u017cemy rozwi\u0105za\u0107 wszelkie pytania i w\u0105tpliwo\u015bci zwi\u0105zane z p\u0142atno\u015bciami. Je\u017celi potrzebujesz pomocy prosimy o kontakt z nami przez: <a href=\"mailto:info@misprint.pl\">info@misprint.pl<\/a>.<\/p><\/div>\n\t\t\t\t<\/div>\n\t\t\t\t\t\t\t<div class=\"elementor-toggle-item\">\n\t\t\t\t\t<div id=\"elementor-tab-title-2123\" class=\"elementor-tab-title\" data-tab=\"3\" role=\"button\" aria-controls=\"elementor-tab-content-2123\" aria-expanded=\"false\">\n\t\t\t\t\t\t\t\t\t\t\t\t<span class=\"elementor-toggle-icon elementor-toggle-icon-left\" aria-hidden=\"true\">\n\t\t\t\t\t\t\t\t\t\t\t\t\t\t\t<span class=\"elementor-toggle-icon-closed\"><i class=\"fas fa-caret-right\"><\/i><\/span>\n\t\t\t\t\t\t\t\t<span class=\"elementor-toggle-icon-opened\"><i class=\"elementor-toggle-icon-opened fas fa-caret-up\"><\/i><\/span>\n\t\t\t\t\t\t\t\t\t\t\t\t\t<\/span>\n\t\t\t\t\t\t\t\t\t\t\t\t<a class=\"elementor-toggle-title\" tabindex=\"0\">Dostawa<\/a>\n\t\t\t\t\t<\/div>\n\n\t\t\t\t\t<div id=\"elementor-tab-content-2123\" class=\"elementor-tab-content elementor-clearfix\" data-tab=\"3\" role=\"region\" aria-labelledby=\"elementor-tab-title-2123\"><p>Wiemy, jak wa\u017cne jest by nasze r\u0119cznie wykonane przedmioty dotar\u0142y do Ciebie na czas i w bezpieczny spos\u00f3b.<\/p>\n<p>Wysy\u0142ka krajowa (Polska)<\/p>\n<ul>\n<li>InPost Courier &#8211; 15.99PLN<\/li>\n<li>InPost Paczkomat &#8211; 15.99PLN<\/li>\n<\/ul>\n<p>Wysy\u0142ka mi\u0119dzynarodowa<\/p>\n<ul>\n<li>DPD<\/li>\n<li>UPS<br>\n<br>Aby uzyska\u0107 dok\u0142adny koszt dostawy do wybranego przez Ciebie kraju, nale\u017cy poda\u0107 wszystkie dane adresowe podczas p\u0142atno\u015bci. Aktualny koszt wysy\u0142ki zostanie przeliczony automatycznie.<\/li>\n<\/ul>\n<div>Istnieje r\u00f3wnie\u017c mo\u017cliwo\u015b\u0107 odbioru zam\u00f3wienia bezpo\u015brednio z naszej pracowni, po wcze\u015bniejszym uzgodnieniu.<\/div>\n<div><\/div>\n<p>Wi\u0119kszo\u015b\u0107 z naszych produkt\u00f3w jest dost\u0119pna od r\u0119ki, a cz\u0119\u015b\u0107 jest wykonywana na zam\u00f3wienie. Czas wysy\u0142ki mi\u0119dzy tymi produktami mo\u017ce si\u0119 r\u00f3\u017cni\u0107. Gotowe produkty wysy\u0142amy tak szybko, jak to mo\u017cliwe, najcz\u0119\u015bciej nast\u0119pnego dnia po zaksi\u0119gowaniu p\u0142atno\u015bci.<\/p>\n<p>Wszystkie zam\u00f3wienia s\u0105 przez nas starannie pakowane, aby zapewni\u0107 Ci bezpieczn\u0105 dostaw\u0119. U\u017cywamy wysokiej jako\u015bci materia\u0142\u00f3w opakowaniowych i z wielk\u0105 staranno\u015bci\u0105 przygotowujemy zam\u00f3wienie do wysy\u0142ki.<\/p>\n<p>Na czas dostarczenia Twojej  przesy\u0142ki mog\u0105 mie\u0107 wp\u0142yw, np \u015bwi\u0119ta i inne wydarzenia, dlatego zach\u0119camy do sk\u0142adania zam\u00f3wie\u0144 z wyprzedzeniem.<\/p>\n<p>W przypadku jakichkolwiek pyta\u0144 lub w\u0105tpliwo\u015bci dotycz\u0105cych wysy\u0142ki, prosimy o kontakt pod adresem <a href=\"mailto:info@misprint.pl\">info@misprint.pl<\/a>.<\/p><\/div>\n\t\t\t\t<\/div>\n\t\t\t\t\t\t\t\t<\/div>\n\t\t\t\t<\/div>\n\t\t\t\t<\/div>\n\t\t\t\t\t<\/div>\n\t\t<\/div>\n\t\t\t\t\t\t\t<\/div>\n\t\t<\/section>\n\t\t\t\t\t\t\t<\/div>","protected":false},"excerpt":{"rendered":"<p>\/*! elementor &#8211; v3.12.1 &#8211; 02-04-2023 *\/ .elementor-toggle{text-align:left}.elementor-toggle .elementor-tab-title{font-weight:700;line-height:1;margin:0;padding:15px;border-bottom:1px solid #d5d8dc;cursor:pointer;outline:none}.elementor-toggle .elementor-tab-title .elementor-toggle-icon{display:inline-block;width:1em}.elementor-toggle .elementor-tab-title .elementor-toggle-icon svg{-webkit-margin-start:-5px;margin-inline-start:-5px;width:1em;height:1em}.elementor-toggle .elementor-tab-title .elementor-toggle-icon.elementor-toggle-icon-right{float:right;text-align:right}.elementor-toggle .elementor-tab-title .elementor-toggle-icon.elementor-toggle-icon-left{float:left;text-align:left}.elementor-toggle .elementor-tab-title .elementor-toggle-icon .elementor-toggle-icon-closed{display:block}.elementor-toggle .elementor-tab-title .elementor-toggle-icon .elementor-toggle-icon-opened{display:none}.elementor-toggle .elementor-tab-title.elementor-active{border-bottom:none}.elementor-toggle .elementor-tab-title.elementor-active .elementor-toggle-icon-closed{display:none}.elementor-toggle .elementor-tab-title.elementor-active&hellip;<\/p>","protected":false},"author":3,"featured_media":0,"parent":0,"menu_order":0,"comment_status":"closed","ping_status":"closed","template":"","meta":{"footnotes":""},"class_list":["post-4607","page","type-page","status-publish","hentry"],"_links":{"self":[{"href":"https:\/\/misprint.pl\/pl\/wp-json\/wp\/v2\/pages\/4607","targetHints":{"allow":["GET"]}}],"collection":[{"href":"https:\/\/misprint.pl\/pl\/wp-json\/wp\/v2\/pages"}],"about":[{"href":"https:\/\/misprint.pl\/pl\/wp-json\/wp\/v2\/types\/page"}],"author":[{"embeddable":true,"href":"https:\/\/misprint.pl\/pl\/wp-json\/wp\/v2\/users\/3"}],"replies":[{"embeddable":true,"href":"https:\/\/misprint.pl\/pl\/wp-json\/wp\/v2\/comments?post=4607"}],"version-history":[{"count":40,"href":"https:\/\/misprint.pl\/pl\/wp-json\/wp\/v2\/pages\/4607\/revisions"}],"predecessor-version":[{"id":5496,"href":"https:\/\/misprint.pl\/pl\/wp-json\/wp\/v2\/pages\/4607\/revisions\/5496"}],"wp:attachment":[{"href":"https:\/\/misprint.pl\/pl\/wp-json\/wp\/v2\/media?parent=4607"}],"curies":[{"name":"wp","href":"https:\/\/api.w.org\/{rel}","templated":true}]}}