{"id":3835,"date":"2023-01-21T21:28:43","date_gmt":"2023-01-21T20:28:43","guid":{"rendered":"https:\/\/misprint.pl\/?page_id=3835"},"modified":"2024-04-04T12:00:08","modified_gmt":"2024-04-04T11:00:08","slug":"workshops","status":"publish","type":"page","link":"https:\/\/misprint.pl\/pl\/workshops\/","title":{"rendered":"Warsztaty"},"content":{"rendered":"<div data-elementor-type=\"wp-page\" data-elementor-id=\"3835\" class=\"elementor elementor-3835\" data-elementor-post-type=\"page\">\n\t\t\t\t\t\t\t\t\t<section class=\"elementor-section elementor-top-section elementor-element elementor-element-10c87337 elementor-section-boxed elementor-section-height-default elementor-section-height-default\" data-id=\"10c87337\" data-element_type=\"section\">\n\t\t\t\t\t\t<div class=\"elementor-container elementor-column-gap-no\">\n\t\t\t\t\t<div class=\"elementor-column elementor-col-16 elementor-top-column elementor-element elementor-element-5dbfcd51\" data-id=\"5dbfcd51\" data-element_type=\"column\">\n\t\t\t<div class=\"elementor-widget-wrap elementor-element-populated\">\n\t\t\t\t\t\t\t\t<div class=\"elementor-element elementor-element-cfbd55d elementor-hidden-tablet elementor-hidden-mobile elementor-widget elementor-widget-spacer\" data-id=\"cfbd55d\" data-element_type=\"widget\" data-widget_type=\"spacer.default\">\n\t\t\t\t<div class=\"elementor-widget-container\">\n\t\t\t<style>\/*! elementor - v3.17.0 - 08-11-2023 *\/\n.elementor-column .elementor-spacer-inner{height:var(--spacer-size)}.e-con{--container-widget-width:100%}.e-con-inner>.elementor-widget-spacer,.e-con>.elementor-widget-spacer{width:var(--container-widget-width,var(--spacer-size));--align-self:var(--container-widget-align-self,initial);--flex-shrink:0}.e-con-inner>.elementor-widget-spacer>.elementor-widget-container,.e-con>.elementor-widget-spacer>.elementor-widget-container{height:100%;width:100%}.e-con-inner>.elementor-widget-spacer>.elementor-widget-container>.elementor-spacer,.e-con>.elementor-widget-spacer>.elementor-widget-container>.elementor-spacer{height:100%}.e-con-inner>.elementor-widget-spacer>.elementor-widget-container>.elementor-spacer>.elementor-spacer-inner,.e-con>.elementor-widget-spacer>.elementor-widget-container>.elementor-spacer>.elementor-spacer-inner{height:var(--container-widget-height,var(--spacer-size))}.e-con-inner>.elementor-widget-spacer.elementor-widget-empty,.e-con>.elementor-widget-spacer.elementor-widget-empty{position:relative;min-height:22px;min-width:22px}.e-con-inner>.elementor-widget-spacer.elementor-widget-empty .elementor-widget-empty-icon,.e-con>.elementor-widget-spacer.elementor-widget-empty .elementor-widget-empty-icon{position:absolute;top:0;bottom:0;left:0;right:0;margin:auto;padding:0;width:22px;height:22px}<\/style>\t\t<div class=\"elementor-spacer\">\n\t\t\t<div class=\"elementor-spacer-inner\"><\/div>\n\t\t<\/div>\n\t\t\t\t<\/div>\n\t\t\t\t<\/div>\n\t\t\t\t<div class=\"elementor-element elementor-element-40e0764 elementor-hidden-tablet elementor-hidden-mobile elementor-widget elementor-widget-image\" data-id=\"40e0764\" data-element_type=\"widget\" data-widget_type=\"image.default\">\n\t\t\t\t<div class=\"elementor-widget-container\">\n\t\t\t<style>\/*! elementor - v3.17.0 - 08-11-2023 *\/\n.elementor-widget-image{text-align:center}.elementor-widget-image a{display:inline-block}.elementor-widget-image a img[src$=\".svg\"]{width:48px}.elementor-widget-image img{vertical-align:middle;display:inline-block}<\/style>\t\t\t\t\t\t\t\t\t\t\t\t<img loading=\"lazy\" decoding=\"async\" width=\"842\" height=\"1191\" src=\"https:\/\/misprint.pl\/wp-content\/uploads\/2023\/02\/web3.png\" class=\"attachment-full size-full wp-image-4468\" alt=\"\" srcset=\"https:\/\/misprint.pl\/wp-content\/uploads\/2023\/02\/web3.png 842w, https:\/\/misprint.pl\/wp-content\/uploads\/2023\/02\/web3-212x300.png 212w, https:\/\/misprint.pl\/wp-content\/uploads\/2023\/02\/web3-724x1024.png 724w, https:\/\/misprint.pl\/wp-content\/uploads\/2023\/02\/web3-768x1086.png 768w, https:\/\/misprint.pl\/wp-content\/uploads\/2023\/02\/web3-660x934.png 660w, https:\/\/misprint.pl\/wp-content\/uploads\/2023\/02\/web3-840x1188.png 840w\" sizes=\"auto, (max-width: 842px) 100vw, 842px\" \/>\t\t\t\t\t\t\t\t\t\t\t\t\t\t\t<\/div>\n\t\t\t\t<\/div>\n\t\t\t\t\t<\/div>\n\t\t<\/div>\n\t\t\t\t<div class=\"elementor-column elementor-col-66 elementor-top-column elementor-element elementor-element-34b7d6ca\" data-id=\"34b7d6ca\" data-element_type=\"column\">\n\t\t\t<div class=\"elementor-widget-wrap elementor-element-populated\">\n\t\t\t\t\t\t\t\t<div class=\"elementor-element elementor-element-222b3123 elementor-widget__width-initial elementor-widget elementor-widget-konte-heading\" data-id=\"222b3123\" data-element_type=\"widget\" data-widget_type=\"konte-heading.default\">\n\t\t\t\t<div class=\"elementor-widget-container\">\n\t\t\t<h2 class=\"konte-heading-title konte-heading-title--default\">Warsztaty<\/h2>\t\t<\/div>\n\t\t\t\t<\/div>\n\t\t\t\t<div class=\"elementor-element elementor-element-6bf7b801 elementor-widget elementor-widget-konte-heading\" data-id=\"6bf7b801\" data-element_type=\"widget\" data-widget_type=\"konte-heading.default\">\n\t\t\t\t<div class=\"elementor-widget-container\">\n\t\t\t<h5 class=\"konte-heading-title konte-heading-title--default\">Studio pachn\u0105ce farb\u0105, s\u0142o\u0144ce wpadaj\u0105ce przez leciwe, drewniane okna i ludzie pe\u0142ni pasji do grafiki warsztatowej. Tak na co dzie\u0144 wygl\u0105da Misprint. Zapraszamy Ci\u0119 do \u015bwiata, w kt\u00f3rym w\u0142\u00f3kna papieru uk\u0142adaj\u0105 si\u0119 w kreatywne notesy, a sztuka tradycyjnego druku i introligatorstwa wci\u0105\u017c jest praktykowana.\n<p>\nProwadzimy trzy cykle warsztat\u00f3w artystycznych:\n<\/p><p>\n<b>Zr\u00f3b sobie<\/b> \u2026 quality time. Jednodniowe warsztaty, na kt\u00f3rych stworzysz unikalne przedmioty, takie jak piecz\u0105tki czy notesy. Chod\u017a zrelaksowa\u0107 si\u0119 w tw\u00f3rczej atmosferze.\n<\/p><p>\n<b>We\u017a si\u0119 na<\/b>... kreatywny masterclass. Weekendowe spotkania tw\u00f3rcze, skupione na nauce technik grafiki warsztatowej i introligatorstwa. Poznaj narz\u0119dzia do kreatywnego wyra\u017cania siebie.\n<\/p><p>\n<b>Rozpracuj<\/b>\u2026 tradycyjne techniki druku. Intensywny kurs rozwijaj\u0105cy tw\u00f3rcze umiej\u0119tno\u015bci. Zanurz si\u0119 w \u015bwiecie artystycznego rzemios\u0142a i stw\u00f3rz sw\u00f3j autorski projekt pod okiem artyst\u00f3w, pracuj\u0105cych na co dzie\u0144 we wroc\u0142awskiej Akademii Sztuk Pi\u0119knych.<\/p><\/h5>\t\t<\/div>\n\t\t\t\t<\/div>\n\t\t\t\t\t<\/div>\n\t\t<\/div>\n\t\t\t\t<div class=\"elementor-column elementor-col-16 elementor-top-column elementor-element elementor-element-1b75d0b2\" data-id=\"1b75d0b2\" data-element_type=\"column\">\n\t\t\t<div class=\"elementor-widget-wrap elementor-element-populated\">\n\t\t\t\t\t\t\t\t<div class=\"elementor-element elementor-element-496b3ffb elementor-hidden-tablet elementor-hidden-mobile elementor-widget elementor-widget-image\" data-id=\"496b3ffb\" data-element_type=\"widget\" data-widget_type=\"image.default\">\n\t\t\t\t<div class=\"elementor-widget-container\">\n\t\t\t\t\t\t\t\t\t\t\t\t\t\t\t<img loading=\"lazy\" decoding=\"async\" width=\"724\" height=\"1024\" src=\"https:\/\/misprint.pl\/wp-content\/uploads\/2023\/02\/web2-1-724x1024.png\" class=\"attachment-large size-large wp-image-4467\" alt=\"\" srcset=\"https:\/\/misprint.pl\/wp-content\/uploads\/2023\/02\/web2-1-724x1024.png 724w, https:\/\/misprint.pl\/wp-content\/uploads\/2023\/02\/web2-1-212x300.png 212w, https:\/\/misprint.pl\/wp-content\/uploads\/2023\/02\/web2-1-768x1086.png 768w, https:\/\/misprint.pl\/wp-content\/uploads\/2023\/02\/web2-1-660x934.png 660w, https:\/\/misprint.pl\/wp-content\/uploads\/2023\/02\/web2-1-840x1188.png 840w, https:\/\/misprint.pl\/wp-content\/uploads\/2023\/02\/web2-1.png 842w\" sizes=\"auto, (max-width: 724px) 100vw, 724px\" \/>\t\t\t\t\t\t\t\t\t\t\t\t\t\t\t<\/div>\n\t\t\t\t<\/div>\n\t\t\t\t\t<\/div>\n\t\t<\/div>\n\t\t\t\t\t\t\t<\/div>\n\t\t<\/section>\n\t\t\t\t<section class=\"elementor-section elementor-top-section elementor-element elementor-element-5b6135b elementor-section-boxed elementor-section-height-default elementor-section-height-default\" data-id=\"5b6135b\" data-element_type=\"section\">\n\t\t\t\t\t\t<div class=\"elementor-container elementor-column-gap-default\">\n\t\t\t\t\t<div class=\"elementor-column elementor-col-100 elementor-top-column elementor-element elementor-element-efbf60a\" data-id=\"efbf60a\" data-element_type=\"column\">\n\t\t\t<div class=\"elementor-widget-wrap elementor-element-populated\">\n\t\t\t\t\t\t\t\t<div class=\"elementor-element elementor-element-7880b97 elementor-widget elementor-widget-heading\" data-id=\"7880b97\" data-element_type=\"widget\" data-widget_type=\"heading.default\">\n\t\t\t\t<div class=\"elementor-widget-container\">\n\t\t\t<style>\/*! elementor - v3.17.0 - 08-11-2023 *\/\n.elementor-heading-title{padding:0;margin:0;line-height:1}.elementor-widget-heading .elementor-heading-title[class*=elementor-size-]>a{color:inherit;font-size:inherit;line-height:inherit}.elementor-widget-heading .elementor-heading-title.elementor-size-small{font-size:15px}.elementor-widget-heading .elementor-heading-title.elementor-size-medium{font-size:19px}.elementor-widget-heading .elementor-heading-title.elementor-size-large{font-size:29px}.elementor-widget-heading .elementor-heading-title.elementor-size-xl{font-size:39px}.elementor-widget-heading .elementor-heading-title.elementor-size-xxl{font-size:59px}<\/style><h3 class=\"elementor-heading-title elementor-size-default\"><a href=\"https:\/\/misprint.pl\/pl\/shop-2\/?product_cat=workshops&#038;filter=1\">Sprawd\u017a ju\u017c dzi\u015b oferowane przez nas warsztaty:<\/a><\/h3>\t\t<\/div>\n\t\t\t\t<\/div>\n\t\t\t\t<div class=\"elementor-element elementor-element-b5d78b0 elementor-widget elementor-widget-konte-products-carousel\" data-id=\"b5d78b0\" data-element_type=\"widget\" data-settings=\"{&quot;slides_to_show&quot;:4,&quot;slides_to_scroll&quot;:1,&quot;navigation&quot;:&quot;arrows&quot;,&quot;autoplay&quot;:&quot;yes&quot;,&quot;autoplay_speed&quot;:3000,&quot;pause_on_hover&quot;:&quot;yes&quot;,&quot;speed&quot;:800,&quot;arrow_type&quot;:&quot;angle&quot;}\" data-widget_type=\"konte-products-carousel.default\">\n\t\t\t\t<div class=\"elementor-widget-container\">\n\t\t\t\t\t<div class=\"konte-products konte-product-carousel konte-product-carousel--elementor konte-carousel--elementor konte-carousel--swiper konte-carousel--nav-arrows swiper-container woocommerce\">\n\t\t\t\n\t\t\t\t\t<\/div>\n\t\t\t\t\t<div class=\"konte-carousel__arrow konte-carousel-navigation--angle konte-carousel-navigation--prev\">\n\t\t\t\t<span class=\"svg-icon icon-left\"><svg><use xlink:href=\"#left\"><\/use><\/svg><\/span>\n\t\t\t<\/div>\n\t\t\t<div class=\"konte-carousel__arrow konte-carousel-navigation--angle konte-carousel-navigation--next\">\n\t\t\t\t<span class=\"svg-icon icon-right\"><svg><use xlink:href=\"#right\"><\/use><\/svg><\/span>\n\t\t\t<\/div>\n\t\t\t\t<\/div>\n\t\t\t\t<\/div>\n\t\t\t\t\t<\/div>\n\t\t<\/div>\n\t\t\t\t\t\t\t<\/div>\n\t\t<\/section>\n\t\t\t\t\t\t\t<\/div>","protected":false},"excerpt":{"rendered":"<p>Workshops A studio smelling of paint, sunshine streaming in through age-old wooden windows and people full of passion for printmaking. This is what Misprint looks like on a daily basis.&hellip;<\/p>","protected":false},"author":3,"featured_media":6551,"parent":0,"menu_order":0,"comment_status":"closed","ping_status":"closed","template":"elementor_theme","meta":{"footnotes":""},"class_list":["post-3835","page","type-page","status-publish","has-post-thumbnail","hentry"],"_links":{"self":[{"href":"https:\/\/misprint.pl\/pl\/wp-json\/wp\/v2\/pages\/3835","targetHints":{"allow":["GET"]}}],"collection":[{"href":"https:\/\/misprint.pl\/pl\/wp-json\/wp\/v2\/pages"}],"about":[{"href":"https:\/\/misprint.pl\/pl\/wp-json\/wp\/v2\/types\/page"}],"author":[{"embeddable":true,"href":"https:\/\/misprint.pl\/pl\/wp-json\/wp\/v2\/users\/3"}],"replies":[{"embeddable":true,"href":"https:\/\/misprint.pl\/pl\/wp-json\/wp\/v2\/comments?post=3835"}],"version-history":[{"count":160,"href":"https:\/\/misprint.pl\/pl\/wp-json\/wp\/v2\/pages\/3835\/revisions"}],"predecessor-version":[{"id":6598,"href":"https:\/\/misprint.pl\/pl\/wp-json\/wp\/v2\/pages\/3835\/revisions\/6598"}],"wp:featuredmedia":[{"embeddable":true,"href":"https:\/\/misprint.pl\/pl\/wp-json\/wp\/v2\/media\/6551"}],"wp:attachment":[{"href":"https:\/\/misprint.pl\/pl\/wp-json\/wp\/v2\/media?parent=3835"}],"curies":[{"name":"wp","href":"https:\/\/api.w.org\/{rel}","templated":true}]}}