{"id":160,"date":"2018-08-28T09:52:26","date_gmt":"2018-08-28T08:52:26","guid":{"rendered":"http:\/\/konte.uix.store\/elementor\/?page_id=160"},"modified":"2023-11-26T14:01:51","modified_gmt":"2023-11-26T13:01:51","slug":"about-us","status":"publish","type":"page","link":"https:\/\/misprint.pl\/pl\/about-us\/","title":{"rendered":"About Us"},"content":{"rendered":"<div data-elementor-type=\"wp-page\" data-elementor-id=\"160\" class=\"elementor elementor-160\" data-elementor-post-type=\"page\">\n\t\t\t\t\t\t\t\t\t<section class=\"elementor-section elementor-top-section elementor-element elementor-element-3d1e3a30 elementor-section-full_width elementor-section-height-default elementor-section-height-default\" data-id=\"3d1e3a30\" data-element_type=\"section\">\n\t\t\t\t\t\t<div class=\"elementor-container elementor-column-gap-no\">\n\t\t\t\t\t<div class=\"elementor-column elementor-col-50 elementor-top-column elementor-element elementor-element-17ece783\" data-id=\"17ece783\" data-element_type=\"column\">\n\t\t\t<div class=\"elementor-widget-wrap elementor-element-populated\">\n\t\t\t\t\t\t\t\t<div class=\"elementor-element elementor-element-449b57d7 elementor-widget elementor-widget-konte-heading\" data-id=\"449b57d7\" data-element_type=\"widget\" data-widget_type=\"konte-heading.default\">\n\t\t\t\t<div class=\"elementor-widget-container\">\n\t\t\t<h2 class=\"konte-heading-title konte-heading-title--default\">Cze\u015b\u0107!<\/h2>\t\t<\/div>\n\t\t\t\t<\/div>\n\t\t\t\t\t<\/div>\n\t\t<\/div>\n\t\t\t\t<div class=\"elementor-column elementor-col-50 elementor-top-column elementor-element elementor-element-73788bb\" data-id=\"73788bb\" data-element_type=\"column\">\n\t\t\t<div class=\"elementor-widget-wrap elementor-element-populated\">\n\t\t\t\t\t\t\t\t<div class=\"elementor-element elementor-element-1a93b20f elementor-grid-2 elementor-shape-rounded e-grid-align-center elementor-widget elementor-widget-social-icons\" data-id=\"1a93b20f\" data-element_type=\"widget\" data-widget_type=\"social-icons.default\">\n\t\t\t\t<div class=\"elementor-widget-container\">\n\t\t\t<style>\/*! elementor - v3.17.0 - 08-11-2023 *\/\n.elementor-widget-social-icons.elementor-grid-0 .elementor-widget-container,.elementor-widget-social-icons.elementor-grid-mobile-0 .elementor-widget-container,.elementor-widget-social-icons.elementor-grid-tablet-0 .elementor-widget-container{line-height:1;font-size:0}.elementor-widget-social-icons:not(.elementor-grid-0):not(.elementor-grid-tablet-0):not(.elementor-grid-mobile-0) .elementor-grid{display:inline-grid}.elementor-widget-social-icons .elementor-grid{grid-column-gap:var(--grid-column-gap,5px);grid-row-gap:var(--grid-row-gap,5px);grid-template-columns:var(--grid-template-columns);justify-content:var(--justify-content,center);justify-items:var(--justify-content,center)}.elementor-icon.elementor-social-icon{font-size:var(--icon-size,25px);line-height:var(--icon-size,25px);width:calc(var(--icon-size, 25px) + (2 * var(--icon-padding, .5em)));height:calc(var(--icon-size, 25px) + (2 * var(--icon-padding, .5em)))}.elementor-social-icon{--e-social-icon-icon-color:#fff;display:inline-flex;background-color:#69727d;align-items:center;justify-content:center;text-align:center;cursor:pointer}.elementor-social-icon i{color:var(--e-social-icon-icon-color)}.elementor-social-icon svg{fill:var(--e-social-icon-icon-color)}.elementor-social-icon:last-child{margin:0}.elementor-social-icon:hover{opacity:.9;color:#fff}.elementor-social-icon-android{background-color:#a4c639}.elementor-social-icon-apple{background-color:#999}.elementor-social-icon-behance{background-color:#1769ff}.elementor-social-icon-bitbucket{background-color:#205081}.elementor-social-icon-codepen{background-color:#000}.elementor-social-icon-delicious{background-color:#39f}.elementor-social-icon-deviantart{background-color:#05cc47}.elementor-social-icon-digg{background-color:#005be2}.elementor-social-icon-dribbble{background-color:#ea4c89}.elementor-social-icon-elementor{background-color:#d30c5c}.elementor-social-icon-envelope{background-color:#ea4335}.elementor-social-icon-facebook,.elementor-social-icon-facebook-f{background-color:#3b5998}.elementor-social-icon-flickr{background-color:#0063dc}.elementor-social-icon-foursquare{background-color:#2d5be3}.elementor-social-icon-free-code-camp,.elementor-social-icon-freecodecamp{background-color:#006400}.elementor-social-icon-github{background-color:#333}.elementor-social-icon-gitlab{background-color:#e24329}.elementor-social-icon-globe{background-color:#69727d}.elementor-social-icon-google-plus,.elementor-social-icon-google-plus-g{background-color:#dd4b39}.elementor-social-icon-houzz{background-color:#7ac142}.elementor-social-icon-instagram{background-color:#262626}.elementor-social-icon-jsfiddle{background-color:#487aa2}.elementor-social-icon-link{background-color:#818a91}.elementor-social-icon-linkedin,.elementor-social-icon-linkedin-in{background-color:#0077b5}.elementor-social-icon-medium{background-color:#00ab6b}.elementor-social-icon-meetup{background-color:#ec1c40}.elementor-social-icon-mixcloud{background-color:#273a4b}.elementor-social-icon-odnoklassniki{background-color:#f4731c}.elementor-social-icon-pinterest{background-color:#bd081c}.elementor-social-icon-product-hunt{background-color:#da552f}.elementor-social-icon-reddit{background-color:#ff4500}.elementor-social-icon-rss{background-color:#f26522}.elementor-social-icon-shopping-cart{background-color:#4caf50}.elementor-social-icon-skype{background-color:#00aff0}.elementor-social-icon-slideshare{background-color:#0077b5}.elementor-social-icon-snapchat{background-color:#fffc00}.elementor-social-icon-soundcloud{background-color:#f80}.elementor-social-icon-spotify{background-color:#2ebd59}.elementor-social-icon-stack-overflow{background-color:#fe7a15}.elementor-social-icon-steam{background-color:#00adee}.elementor-social-icon-stumbleupon{background-color:#eb4924}.elementor-social-icon-telegram{background-color:#2ca5e0}.elementor-social-icon-thumb-tack{background-color:#1aa1d8}.elementor-social-icon-tripadvisor{background-color:#589442}.elementor-social-icon-tumblr{background-color:#35465c}.elementor-social-icon-twitch{background-color:#6441a5}.elementor-social-icon-twitter{background-color:#1da1f2}.elementor-social-icon-viber{background-color:#665cac}.elementor-social-icon-vimeo{background-color:#1ab7ea}.elementor-social-icon-vk{background-color:#45668e}.elementor-social-icon-weibo{background-color:#dd2430}.elementor-social-icon-weixin{background-color:#31a918}.elementor-social-icon-whatsapp{background-color:#25d366}.elementor-social-icon-wordpress{background-color:#21759b}.elementor-social-icon-xing{background-color:#026466}.elementor-social-icon-yelp{background-color:#af0606}.elementor-social-icon-youtube{background-color:#cd201f}.elementor-social-icon-500px{background-color:#0099e5}.elementor-shape-rounded .elementor-icon.elementor-social-icon{border-radius:10%}.elementor-shape-circle .elementor-icon.elementor-social-icon{border-radius:50%}<\/style>\t\t<div class=\"elementor-social-icons-wrapper elementor-grid\">\n\t\t\t\t\t\t\t<span class=\"elementor-grid-item\">\n\t\t\t\t\t<a class=\"elementor-icon elementor-social-icon elementor-social-icon-facebook-f elementor-repeater-item-6fd67b7\" href=\"https:\/\/www.facebook.com\/misprint.studio\/\" target=\"_blank\">\n\t\t\t\t\t\t<span class=\"elementor-screen-only\">Facebook-f<\/span>\n\t\t\t\t\t\t<i class=\"fab fa-facebook-f\"><\/i>\t\t\t\t\t<\/a>\n\t\t\t\t<\/span>\n\t\t\t\t\t\t\t<span class=\"elementor-grid-item\">\n\t\t\t\t\t<a class=\"elementor-icon elementor-social-icon elementor-social-icon-instagram elementor-repeater-item-a4d312c\" href=\"https:\/\/www.instagram.com\/misprint.studio\/\" target=\"_blank\">\n\t\t\t\t\t\t<span class=\"elementor-screen-only\">Instagram<\/span>\n\t\t\t\t\t\t<i class=\"fab fa-instagram\"><\/i>\t\t\t\t\t<\/a>\n\t\t\t\t<\/span>\n\t\t\t\t\t<\/div>\n\t\t\t\t<\/div>\n\t\t\t\t<\/div>\n\t\t\t\t<div class=\"elementor-element elementor-element-f2603dc elementor-widget elementor-widget-text-editor\" data-id=\"f2603dc\" data-element_type=\"widget\" data-widget_type=\"text-editor.default\">\n\t\t\t\t<div class=\"elementor-widget-container\">\n\t\t\t<style>\/*! elementor - v3.17.0 - 08-11-2023 *\/\n.elementor-widget-text-editor.elementor-drop-cap-view-stacked .elementor-drop-cap{background-color:#69727d;color:#fff}.elementor-widget-text-editor.elementor-drop-cap-view-framed .elementor-drop-cap{color:#69727d;border:3px solid;background-color:transparent}.elementor-widget-text-editor:not(.elementor-drop-cap-view-default) .elementor-drop-cap{margin-top:8px}.elementor-widget-text-editor:not(.elementor-drop-cap-view-default) .elementor-drop-cap-letter{width:1em;height:1em}.elementor-widget-text-editor .elementor-drop-cap{float:left;text-align:center;line-height:1;font-size:50px}.elementor-widget-text-editor .elementor-drop-cap-letter{display:inline-block}<\/style>\t\t\t\t\t\t\t\t\t\t<\/div>\n\t\t\t\t<\/div>\n\t\t\t\t\t<\/div>\n\t\t<\/div>\n\t\t\t\t\t\t\t<\/div>\n\t\t<\/section>\n\t\t\t\t<section class=\"elementor-section elementor-top-section elementor-element elementor-element-47a50a9 elementor-section-boxed elementor-section-height-default elementor-section-height-default\" data-id=\"47a50a9\" data-element_type=\"section\">\n\t\t\t\t\t\t<div class=\"elementor-container elementor-column-gap-default\">\n\t\t\t\t\t<div class=\"elementor-column elementor-col-100 elementor-top-column elementor-element elementor-element-55ce47a\" data-id=\"55ce47a\" data-element_type=\"column\">\n\t\t\t<div class=\"elementor-widget-wrap elementor-element-populated\">\n\t\t\t\t\t\t\t\t<div class=\"elementor-element elementor-element-17ad9383 elementor-widget elementor-widget-text-editor\" data-id=\"17ad9383\" data-element_type=\"widget\" data-widget_type=\"text-editor.default\">\n\t\t\t\t<div class=\"elementor-widget-container\">\n\t\t\t\t\t\t\t<p>Tu Majka i Ioannis, za\u0142o\u017cyciele Misprint, pracowni w samym sercu Wroc\u0142awia, gdzie introligatorstwo, druk i papier \u0142\u0105cz\u0105 si\u0119, tworz\u0105c wyj\u0105tkowe przedmioty.<\/p>\t\t\t\t\t\t<\/div>\n\t\t\t\t<\/div>\n\t\t\t\t<div class=\"elementor-element elementor-element-1ee668a1 elementor-widget elementor-widget-text-editor\" data-id=\"1ee668a1\" data-element_type=\"widget\" data-widget_type=\"text-editor.default\">\n\t\t\t\t<div class=\"elementor-widget-container\">\n\t\t\t\t\t\t\t<p>Cho\u0107 ka\u017cdy z nas mia\u0142 inn\u0105 drog\u0119 \u017cyciow\u0105 i do\u015bwiadczenie po\u0142\u0105czyli\u015bmy si\u0142y, aby stworzy\u0107 miejsce, w kt\u00f3rym ksi\u0105\u017cka, papier i druk przeplataj\u0105 si\u0119 - miejsce do tworzenia, dzielenia si\u0119 wiedz\u0105 i wprowadzania naszej pasji w \u017cycie.<\/p>\n<p>Jeste\u015bmy profesjonalnymi grafikami i artystami ksi\u0105\u017cki z wieloletnim do\u015bwiadczeniem i dorobkiem w \u015bwiecie sztuki. Jeste\u015bmy doktorantami i pracujemy jako laboranci na Akademii Sztuk Pi\u0119knych i Projektowych im. Gepperta we Wroc\u0142awiu.<br> <\/p>\n<p><a href=\"https:\/\/misprint.pl\/wp-content\/uploads\/2023\/02\/misprint_sesja-40.web_.jpg\"><img loading=\"lazy\" decoding=\"async\" class=\"alignleft wp-image-4459 size-medium\" src=\"https:\/\/misprint.pl\/wp-content\/uploads\/2023\/02\/misprint_sesja-40.web_-200x300.jpg\" alt=\"\" width=\"200\" height=\"300\" srcset=\"https:\/\/misprint.pl\/wp-content\/uploads\/2023\/02\/misprint_sesja-40.web_-200x300.jpg 200w, https:\/\/misprint.pl\/wp-content\/uploads\/2023\/02\/misprint_sesja-40.web_-683x1024.jpg 683w, https:\/\/misprint.pl\/wp-content\/uploads\/2023\/02\/misprint_sesja-40.web_-768x1152.jpg 768w, https:\/\/misprint.pl\/wp-content\/uploads\/2023\/02\/misprint_sesja-40.web_-1024x1536.jpg 1024w, https:\/\/misprint.pl\/wp-content\/uploads\/2023\/02\/misprint_sesja-40.web_-660x990.jpg 660w, https:\/\/misprint.pl\/wp-content\/uploads\/2023\/02\/misprint_sesja-40.web_-840x1260.jpg 840w, https:\/\/misprint.pl\/wp-content\/uploads\/2023\/02\/misprint_sesja-40.web_.jpg 1280w\" sizes=\"auto, (max-width: 200px) 100vw, 200px\" \/><\/a>Kalimera, jestem Ioannis. Urodzi\u0142em si\u0119 w Atenach, w Grecji. Po uko\u0144czeniu studi\u00f3w magisterskich z zakresu sztuki w Salonikach, przeprowadzi\u0142em si\u0119 do Wroc\u0142awia. Ksi\u0105\u017cki i grafika s\u0105 cz\u0119\u015bci\u0105 mojego procesu, pracy jak i codziennego \u017cycia. Pami\u0119tam, \u017ce dorasta\u0142em w domu pe\u0142nym ksi\u0105\u017cek. Dla mnie fizyczna obecno\u015b\u0107 i materialno\u015b\u0107 grafiki i ksi\u0105\u017cki to wyj\u0105tkowa inspiracja do  eksperymentowania. Tworz\u0119 zar\u00f3wno ksi\u0105\u017cki artystyczne jak i u\u017cytkowe.<\/p>\n<p><br><br><a href=\"https:\/\/misprint.pl\/wp-content\/uploads\/2023\/02\/misprint_sesja-majka.web_.jpg\"><img loading=\"lazy\" decoding=\"async\" class=\"alignright wp-image-4458 size-medium\" src=\"https:\/\/misprint.pl\/wp-content\/uploads\/2023\/02\/misprint_sesja-majka.web_-200x300.jpg\" alt=\"\" width=\"200\" height=\"300\" srcset=\"https:\/\/misprint.pl\/wp-content\/uploads\/2023\/02\/misprint_sesja-majka.web_-200x300.jpg 200w, https:\/\/misprint.pl\/wp-content\/uploads\/2023\/02\/misprint_sesja-majka.web_-683x1024.jpg 683w, https:\/\/misprint.pl\/wp-content\/uploads\/2023\/02\/misprint_sesja-majka.web_-768x1152.jpg 768w, https:\/\/misprint.pl\/wp-content\/uploads\/2023\/02\/misprint_sesja-majka.web_-1024x1536.jpg 1024w, https:\/\/misprint.pl\/wp-content\/uploads\/2023\/02\/misprint_sesja-majka.web_-660x990.jpg 660w, https:\/\/misprint.pl\/wp-content\/uploads\/2023\/02\/misprint_sesja-majka.web_-840x1260.jpg 840w, https:\/\/misprint.pl\/wp-content\/uploads\/2023\/02\/misprint_sesja-majka.web_.jpg 1280w\" sizes=\"auto, (max-width: 200px) 100vw, 200px\" \/><\/a> Cze\u015b\u0107! Tu Majka. W mojej rodzinie ksi\u0105\u017cka zawsze odgrywa\u0142a wa\u017cn\u0105 rol\u0119. M\u00f3j dziadek pracowa\u0142 w ksi\u0119garni w Poznaniu, a mama sko\u0144czy\u0142a technikum o specjalno\u015bci introligatorskiej i zecerskiej. Mog\u0119 powiedzie\u0107, \u017ce mam ksi\u0105\u017cki, papier i druk w swoim DNA. Praktyki zwi\u0105zane z ksi\u0105\u017ck\u0105 odbywa\u0142am w introligatorni Evangelii Bizy w Grecji, a metody czerpania papieru szlifowa\u0142am u Alison Newmann w Szkocji. Jestem pasjonatk\u0105 tego, czym si\u0119 zajmuj\u0119, wi\u0119c nieustaj\u0105co poszukuj\u0119 i ucz\u0119 zar\u00f3wno innych jak i siebie.<\/p>\t\t\t\t\t\t<\/div>\n\t\t\t\t<\/div>\n\t\t\t\t<div class=\"elementor-element elementor-element-44a71ca elementor-widget elementor-widget-text-editor\" data-id=\"44a71ca\" data-element_type=\"widget\" data-widget_type=\"text-editor.default\">\n\t\t\t\t<div class=\"elementor-widget-container\">\n\t\t\t\t\t\t\t\t\t\t\t\t\t<\/div>\n\t\t\t\t<\/div>\n\t\t\t\t\t<\/div>\n\t\t<\/div>\n\t\t\t\t\t\t\t<\/div>\n\t\t<\/section>\n\t\t\t\t\t\t\t<\/div>","protected":false},"excerpt":{"rendered":"<p>Hello! Facebook-f Instagram We are Ioannis and Majka, founders of Misprint in Wroc\u0142aw, Poland. Although each one of us has their own story, our different paths and experiences brought us&hellip;<\/p>","protected":false},"author":1,"featured_media":4581,"parent":0,"menu_order":0,"comment_status":"closed","ping_status":"closed","template":"templates\/split.php","meta":{"footnotes":""},"class_list":["post-160","page","type-page","status-publish","has-post-thumbnail","hentry"],"_links":{"self":[{"href":"https:\/\/misprint.pl\/pl\/wp-json\/wp\/v2\/pages\/160","targetHints":{"allow":["GET"]}}],"collection":[{"href":"https:\/\/misprint.pl\/pl\/wp-json\/wp\/v2\/pages"}],"about":[{"href":"https:\/\/misprint.pl\/pl\/wp-json\/wp\/v2\/types\/page"}],"author":[{"embeddable":true,"href":"https:\/\/misprint.pl\/pl\/wp-json\/wp\/v2\/users\/1"}],"replies":[{"embeddable":true,"href":"https:\/\/misprint.pl\/pl\/wp-json\/wp\/v2\/comments?post=160"}],"version-history":[{"count":34,"href":"https:\/\/misprint.pl\/pl\/wp-json\/wp\/v2\/pages\/160\/revisions"}],"predecessor-version":[{"id":6211,"href":"https:\/\/misprint.pl\/pl\/wp-json\/wp\/v2\/pages\/160\/revisions\/6211"}],"wp:featuredmedia":[{"embeddable":true,"href":"https:\/\/misprint.pl\/pl\/wp-json\/wp\/v2\/media\/4581"}],"wp:attachment":[{"href":"https:\/\/misprint.pl\/pl\/wp-json\/wp\/v2\/media?parent=160"}],"curies":[{"name":"wp","href":"https:\/\/api.w.org\/{rel}","templated":true}]}}