{"id":118,"date":"2018-08-27T09:23:18","date_gmt":"2018-08-27T08:23:18","guid":{"rendered":"http:\/\/konte.uix.store\/elementor\/?page_id=118"},"modified":"2023-07-06T23:17:14","modified_gmt":"2023-07-06T22:17:14","slug":"about-misprint","status":"publish","type":"page","link":"https:\/\/misprint.pl\/pl\/about-misprint\/","title":{"rendered":"About the Studio"},"content":{"rendered":"<div data-elementor-type=\"wp-page\" data-elementor-id=\"118\" class=\"elementor elementor-118\" data-elementor-post-type=\"page\">\n\t\t\t\t\t\t\t\t\t<section class=\"elementor-section elementor-top-section elementor-element elementor-element-128e8c1a elementor-section-boxed elementor-section-height-default elementor-section-height-default\" data-id=\"128e8c1a\" data-element_type=\"section\">\n\t\t\t\t\t\t<div class=\"elementor-container elementor-column-gap-no\">\n\t\t\t\t\t<div class=\"elementor-column elementor-col-16 elementor-top-column elementor-element elementor-element-46c9e2a2\" data-id=\"46c9e2a2\" data-element_type=\"column\">\n\t\t\t<div class=\"elementor-widget-wrap elementor-element-populated\">\n\t\t\t\t\t\t\t\t<div class=\"elementor-element elementor-element-246a8abb elementor-widget elementor-widget-konte-separator-dash\" data-id=\"246a8abb\" data-element_type=\"widget\" data-widget_type=\"konte-separator-dash.default\">\n\t\t\t\t<div class=\"elementor-widget-container\">\n\t\t\t\t\t<span class=\"konte-dash konte-dash--elementor\">\n\t\t\t<span class=\"konte-dash__line\"><\/span>\n\t\t\t\t\t<\/span>\n\t\t\t\t<\/div>\n\t\t\t\t<\/div>\n\t\t\t\t<div class=\"elementor-element elementor-element-4019dc1 elementor-hidden-tablet elementor-hidden-mobile elementor-widget elementor-widget-image\" data-id=\"4019dc1\" data-element_type=\"widget\" data-widget_type=\"image.default\">\n\t\t\t\t<div class=\"elementor-widget-container\">\n\t\t\t<style>\/*! elementor - v3.17.0 - 08-11-2023 *\/\n.elementor-widget-image{text-align:center}.elementor-widget-image a{display:inline-block}.elementor-widget-image a img[src$=\".svg\"]{width:48px}.elementor-widget-image img{vertical-align:middle;display:inline-block}<\/style>\t\t\t\t\t\t\t\t\t\t\t\t<img loading=\"lazy\" decoding=\"async\" width=\"842\" height=\"1191\" src=\"https:\/\/misprint.pl\/wp-content\/uploads\/2023\/02\/web3.png\" class=\"attachment-full size-full wp-image-4468\" alt=\"\" srcset=\"https:\/\/misprint.pl\/wp-content\/uploads\/2023\/02\/web3.png 842w, https:\/\/misprint.pl\/wp-content\/uploads\/2023\/02\/web3-212x300.png 212w, https:\/\/misprint.pl\/wp-content\/uploads\/2023\/02\/web3-724x1024.png 724w, https:\/\/misprint.pl\/wp-content\/uploads\/2023\/02\/web3-768x1086.png 768w, https:\/\/misprint.pl\/wp-content\/uploads\/2023\/02\/web3-660x934.png 660w, https:\/\/misprint.pl\/wp-content\/uploads\/2023\/02\/web3-840x1188.png 840w\" sizes=\"auto, (max-width: 842px) 100vw, 842px\" \/>\t\t\t\t\t\t\t\t\t\t\t\t\t\t\t<\/div>\n\t\t\t\t<\/div>\n\t\t\t\t\t<\/div>\n\t\t<\/div>\n\t\t\t\t<div class=\"elementor-column elementor-col-66 elementor-top-column elementor-element elementor-element-62fffd9d\" data-id=\"62fffd9d\" data-element_type=\"column\">\n\t\t\t<div class=\"elementor-widget-wrap elementor-element-populated\">\n\t\t\t\t\t\t\t\t<div class=\"elementor-element elementor-element-254bff96 elementor-widget elementor-widget-konte-heading\" data-id=\"254bff96\" data-element_type=\"widget\" data-widget_type=\"konte-heading.default\">\n\t\t\t\t<div class=\"elementor-widget-container\">\n\t\t\t<h2 class=\"konte-heading-title konte-heading-title--default\">O Misprint<\/h2>\t\t<\/div>\n\t\t\t\t<\/div>\n\t\t\t\t<div class=\"elementor-element elementor-element-41402c51 elementor-widget elementor-widget-konte-heading\" data-id=\"41402c51\" data-element_type=\"widget\" data-widget_type=\"konte-heading.default\">\n\t\t\t\t<div class=\"elementor-widget-container\">\n\t\t\t<h4 class=\"konte-heading-title konte-heading-title--default\">Witamy w Misprint, pracowni, w kt\u00f3rej tworzymy unikalne ksi\u0105\u017cki oraz papiery czerpane, a tak\u017ce dzielimy si\u0119 nasz\u0105 wiedz\u0105 na temat introligatorstwa i tradycyjnych technik drukarskich. \n\n<\/h4>\t\t<\/div>\n\t\t\t\t<\/div>\n\t\t\t\t<div class=\"elementor-element elementor-element-016ab37 elementor-widget elementor-widget-text-editor\" data-id=\"016ab37\" data-element_type=\"widget\" data-widget_type=\"text-editor.default\">\n\t\t\t\t<div class=\"elementor-widget-container\">\n\t\t\t<style>\/*! elementor - v3.17.0 - 08-11-2023 *\/\n.elementor-widget-text-editor.elementor-drop-cap-view-stacked .elementor-drop-cap{background-color:#69727d;color:#fff}.elementor-widget-text-editor.elementor-drop-cap-view-framed .elementor-drop-cap{color:#69727d;border:3px solid;background-color:transparent}.elementor-widget-text-editor:not(.elementor-drop-cap-view-default) .elementor-drop-cap{margin-top:8px}.elementor-widget-text-editor:not(.elementor-drop-cap-view-default) .elementor-drop-cap-letter{width:1em;height:1em}.elementor-widget-text-editor .elementor-drop-cap{float:left;text-align:center;line-height:1;font-size:50px}.elementor-widget-text-editor .elementor-drop-cap-letter{display:inline-block}<\/style>\t\t\t\t<p>Co mo\u017cemy powiedzie\u0107? Kochamy ksi\u0105\u017cki, papier i druk!<\/p>\t\t\t\t\t\t<\/div>\n\t\t\t\t<\/div>\n\t\t\t\t<section class=\"elementor-section elementor-inner-section elementor-element elementor-element-637214d8 elementor-section-boxed elementor-section-height-default elementor-section-height-default\" data-id=\"637214d8\" data-element_type=\"section\">\n\t\t\t\t\t\t<div class=\"elementor-container elementor-column-gap-no\">\n\t\t\t\t\t<div class=\"elementor-column elementor-col-33 elementor-inner-column elementor-element elementor-element-2f64e5ae\" data-id=\"2f64e5ae\" data-element_type=\"column\">\n\t\t\t<div class=\"elementor-widget-wrap\">\n\t\t\t\t\t\t\t\t\t<\/div>\n\t\t<\/div>\n\t\t\t\t<div class=\"elementor-column elementor-col-66 elementor-inner-column elementor-element elementor-element-21333cea\" data-id=\"21333cea\" data-element_type=\"column\">\n\t\t\t<div class=\"elementor-widget-wrap elementor-element-populated\">\n\t\t\t\t\t\t\t\t<div class=\"elementor-element elementor-element-21409b28 elementor-widget elementor-widget-text-editor\" data-id=\"21409b28\" data-element_type=\"widget\" data-widget_type=\"text-editor.default\">\n\t\t\t\t<div class=\"elementor-widget-container\">\n\t\t\t\t\t\t\t<p>Misprint, to miejsce, w kt\u00f3rym celebrujemy i dzielimy si\u0119 bogat\u0105 histori\u0105 i tradycj\u0105 ksi\u0105\u017cki, papieru i druku.<\/p><p>Nasze ksi\u0105\u017cki tworzymy z najwy\u017cszej jako\u015bci materia\u0142\u00f3w, wykorzystuj\u0105c naturalne nici lniane, wysokiej jako\u015bci papier oraz naturalne p\u0142\u00f3tna introligatorskie. Szanujemy tradycj\u0119, ale wplatamy w ni\u0105 nowoczesne akcenty. U\u017cywamy dekorowanych przez nas papier\u00f3w ozdobnych, aby \u017cywe kolory, autorskie wzory i niepowtarzalne faktury dope\u0142ni\u0142y notatniki. Ka\u017cda z naszych ksi\u0105\u017cek jest szyta r\u0119cznie, z wielk\u0105 dba\u0142o\u015bci\u0105 o ka\u017cdy szczeg\u00f3\u0142, aby zapewni\u0107 im d\u0142ug\u0105 \u017cywotno\u015b\u0107, a Tobie przyjemno\u015b\u0107 z ich u\u017cywania.<\/p><p>Nasze papiery czerpiemy r\u0119cznie, tak jak robiono to od czas\u00f3w jego wynalezienia. Nie wykorzystujemy w\u0142\u00f3kien drzewnych, a zamiast tego wracamy do korzeni papiernictwa i proponujemy Wam papier botaniczny. Tworzymy go z lokalnie pozyskiwanych i r\u0119cznie przetwarzanych w\u0142\u00f3kien ro\u015blinnych. Ka\u017cdy z naszych papier\u00f3w ma wyra\u017any, naturalny wygl\u0105d, kt\u00f3ry stanowi idealn\u0105 baz\u0119 dla kreatywnych projekt\u00f3w.<\/p><p>W \u015bwiecie, kt\u00f3ry staje si\u0119 coraz bardziej cyfrowy, stawiamy op\u00f3r, tworz\u0105c odbitki przy u\u017cyciu r\u00f3\u017cnych technik analogowych. Od najstarszych form druku wypuk\u0142ego, takich jak drzeworyt i linoryt, po typografi\u0119 lub nowsze metody drukowania, takie jak sitodruk, wszystkie nasze grafiki maj\u0105 wsp\u00f3lny czynnik \u2013 jest to proces r\u0119czny, kt\u00f3ry ma ludzki charakter.<\/p><p>Jeste\u015bmy do\u015bwiadczonymi artystami, kt\u00f3rzy z pasj\u0105 po\u015bwi\u0119caj\u0105 si\u0119 introligatorstwu, papierowi i drukowi. Nasze \u017cycie kr\u0119ci si\u0119 wok\u00f3\u0142 tych dziedzin \u2013 nasze studia, do\u015bwiadczenie zawodowe oraz pasja. Staramy si\u0119 na nowo odkrywa\u0107 ich klasyczn\u0105, estetyk\u0119, ale tak\u017ce eksperymentowa\u0107 z ich struktur\u0105 i mo\u017cliwo\u015bciami. Historyczne techniki dostosowujemy do Waszych potrzeb i estetyki wsp\u00f3\u0142czesnego \u015bwiata.<\/p>\t\t\t\t\t\t<\/div>\n\t\t\t\t<\/div>\n\t\t\t\t\t<\/div>\n\t\t<\/div>\n\t\t\t\t\t\t\t<\/div>\n\t\t<\/section>\n\t\t\t\t\t<\/div>\n\t\t<\/div>\n\t\t\t\t<div class=\"elementor-column elementor-col-16 elementor-top-column elementor-element elementor-element-77b51d12\" data-id=\"77b51d12\" data-element_type=\"column\">\n\t\t\t<div class=\"elementor-widget-wrap elementor-element-populated\">\n\t\t\t\t\t\t\t\t<div class=\"elementor-element elementor-element-17d2102 elementor-hidden-tablet elementor-hidden-mobile elementor-widget elementor-widget-image\" data-id=\"17d2102\" data-element_type=\"widget\" data-widget_type=\"image.default\">\n\t\t\t\t<div class=\"elementor-widget-container\">\n\t\t\t\t\t\t\t\t\t\t\t\t\t\t\t<img loading=\"lazy\" decoding=\"async\" width=\"724\" height=\"1024\" src=\"https:\/\/misprint.pl\/wp-content\/uploads\/2023\/02\/web2-1-724x1024.png\" class=\"attachment-large size-large wp-image-4467\" alt=\"\" srcset=\"https:\/\/misprint.pl\/wp-content\/uploads\/2023\/02\/web2-1-724x1024.png 724w, https:\/\/misprint.pl\/wp-content\/uploads\/2023\/02\/web2-1-212x300.png 212w, https:\/\/misprint.pl\/wp-content\/uploads\/2023\/02\/web2-1-768x1086.png 768w, https:\/\/misprint.pl\/wp-content\/uploads\/2023\/02\/web2-1-660x934.png 660w, https:\/\/misprint.pl\/wp-content\/uploads\/2023\/02\/web2-1-840x1188.png 840w, https:\/\/misprint.pl\/wp-content\/uploads\/2023\/02\/web2-1.png 842w\" sizes=\"auto, (max-width: 724px) 100vw, 724px\" \/>\t\t\t\t\t\t\t\t\t\t\t\t\t\t\t<\/div>\n\t\t\t\t<\/div>\n\t\t\t\t<div class=\"elementor-element elementor-element-30f6dc6 elementor-widget elementor-widget-konte-heading\" data-id=\"30f6dc6\" data-element_type=\"widget\" data-widget_type=\"konte-heading.default\">\n\t\t\t\t<div class=\"elementor-widget-container\">\n\t\t\t<h4 class=\"konte-heading-title konte-heading-title--default\">                                     \n\n\n\n\n\n\n\n\n\n\n<\/h4>\t\t<\/div>\n\t\t\t\t<\/div>\n\t\t\t\t<div class=\"elementor-element elementor-element-eed30cd elementor-hidden-tablet elementor-hidden-mobile elementor-widget elementor-widget-image\" data-id=\"eed30cd\" data-element_type=\"widget\" data-widget_type=\"image.default\">\n\t\t\t\t<div class=\"elementor-widget-container\">\n\t\t\t\t\t\t\t\t\t\t\t\t\t\t\t<img loading=\"lazy\" decoding=\"async\" width=\"724\" height=\"1024\" src=\"https:\/\/misprint.pl\/wp-content\/uploads\/2023\/02\/Untitled-2-724x1024.png\" class=\"attachment-large size-large wp-image-4470\" alt=\"\" srcset=\"https:\/\/misprint.pl\/wp-content\/uploads\/2023\/02\/Untitled-2-724x1024.png 724w, https:\/\/misprint.pl\/wp-content\/uploads\/2023\/02\/Untitled-2-212x300.png 212w, https:\/\/misprint.pl\/wp-content\/uploads\/2023\/02\/Untitled-2-768x1086.png 768w, https:\/\/misprint.pl\/wp-content\/uploads\/2023\/02\/Untitled-2-660x934.png 660w, https:\/\/misprint.pl\/wp-content\/uploads\/2023\/02\/Untitled-2-840x1188.png 840w, https:\/\/misprint.pl\/wp-content\/uploads\/2023\/02\/Untitled-2.png 842w\" sizes=\"auto, (max-width: 724px) 100vw, 724px\" \/>\t\t\t\t\t\t\t\t\t\t\t\t\t\t\t<\/div>\n\t\t\t\t<\/div>\n\t\t\t\t\t<\/div>\n\t\t<\/div>\n\t\t\t\t\t\t\t<\/div>\n\t\t<\/section>\n\t\t\t\t\t\t\t<\/div>","protected":false},"excerpt":{"rendered":"<p>\/*! elementor &#8211; v3.12.1 &#8211; 02-04-2023 *\/ .elementor-widget-image{text-align:center}.elementor-widget-image a{display:inline-block}.elementor-widget-image a img[src$=&#8221;.svg&#8221;]{width:48px}.elementor-widget-image img{vertical-align:middle;display:inline-block} About Misprint Welcome to Misprint, where we create unique handmade books and paper, as well as share our&hellip;<\/p>","protected":false},"author":1,"featured_media":4455,"parent":0,"menu_order":0,"comment_status":"closed","ping_status":"closed","template":"","meta":{"footnotes":""},"class_list":["post-118","page","type-page","status-publish","has-post-thumbnail","hentry"],"_links":{"self":[{"href":"https:\/\/misprint.pl\/pl\/wp-json\/wp\/v2\/pages\/118","targetHints":{"allow":["GET"]}}],"collection":[{"href":"https:\/\/misprint.pl\/pl\/wp-json\/wp\/v2\/pages"}],"about":[{"href":"https:\/\/misprint.pl\/pl\/wp-json\/wp\/v2\/types\/page"}],"author":[{"embeddable":true,"href":"https:\/\/misprint.pl\/pl\/wp-json\/wp\/v2\/users\/1"}],"replies":[{"embeddable":true,"href":"https:\/\/misprint.pl\/pl\/wp-json\/wp\/v2\/comments?post=118"}],"version-history":[{"count":61,"href":"https:\/\/misprint.pl\/pl\/wp-json\/wp\/v2\/pages\/118\/revisions"}],"predecessor-version":[{"id":5691,"href":"https:\/\/misprint.pl\/pl\/wp-json\/wp\/v2\/pages\/118\/revisions\/5691"}],"wp:featuredmedia":[{"embeddable":true,"href":"https:\/\/misprint.pl\/pl\/wp-json\/wp\/v2\/media\/4455"}],"wp:attachment":[{"href":"https:\/\/misprint.pl\/pl\/wp-json\/wp\/v2\/media?parent=118"}],"curies":[{"name":"wp","href":"https:\/\/api.w.org\/{rel}","templated":true}]}}